{"id":1114,"date":"2024-01-15T16:19:47","date_gmt":"2024-01-15T13:19:47","guid":{"rendered":"https:\/\/signumtte.com\/?page_id=1114"},"modified":"2024-04-18T10:24:58","modified_gmt":"2024-04-18T07:24:58","slug":"facility-and-roof-management","status":"publish","type":"page","link":"https:\/\/signumtte.com\/en\/facility-and-roof-management\/","title":{"rendered":"Facility and Integrated Building Management System"},"content":{"rendered":"<div data-elementor-type=\"wp-page\" data-elementor-id=\"1114\" class=\"elementor elementor-1114\" data-elementor-post-type=\"page\">\n\t\t\t\t\t\t<section class=\"elementor-section elementor-top-section elementor-element elementor-element-6450839 elementor-section-height-min-height elementor-section-boxed elementor-section-height-default elementor-section-items-middle\" data-id=\"6450839\" data-element_type=\"section\" data-e-type=\"section\" data-settings=\"{&quot;background_background&quot;:&quot;classic&quot;}\">\n\t\t\t\t\t\t<div class=\"elementor-container elementor-column-gap-default\">\n\t\t\t\t\t<div class=\"elementor-column elementor-col-50 elementor-top-column elementor-element elementor-element-8da3fc9\" data-id=\"8da3fc9\" data-element_type=\"column\" data-e-type=\"column\">\n\t\t\t<div class=\"elementor-widget-wrap elementor-element-populated\">\n\t\t\t\t\t\t<div class=\"elementor-element elementor-element-5b483e1 elementor-widget elementor-widget-heading\" data-id=\"5b483e1\" data-element_type=\"widget\" data-e-type=\"widget\" data-widget_type=\"heading.default\">\n\t\t\t\t<div class=\"elementor-widget-container\">\n\t\t\t\t\t<h2 class=\"elementor-heading-title elementor-size-default\">windesk.fm<\/h2>\t\t\t\t<\/div>\n\t\t\t\t<\/div>\n\t\t\t\t<div class=\"elementor-element elementor-element-8296357 elementor-widget elementor-widget-text-editor\" data-id=\"8296357\" data-element_type=\"widget\" data-e-type=\"widget\" data-widget_type=\"text-editor.default\">\n\t\t\t\t<div class=\"elementor-widget-container\">\n\t\t\t\t\t\t\t\t\t<p>Facility and Integrated Building Management System<\/p>\t\t\t\t\t\t\t\t<\/div>\n\t\t\t\t<\/div>\n\t\t\t\t<div class=\"elementor-element elementor-element-331ff40 elementor-widget elementor-widget-text-editor\" data-id=\"331ff40\" data-element_type=\"widget\" data-e-type=\"widget\" data-widget_type=\"text-editor.default\">\n\t\t\t\t<div class=\"elementor-widget-container\">\n\t\t\t\t\t\t\t\t\t<p>windesk.fm Facility And Integrated Building Management System solution is a facility management solution that enables the collection of independently operating automation systems such as HVAC (temperature, humidity, airflow and air filtration) air conditioning, lighting control, energy monitoring, fire, security, entrance and exit on a \"single interface\" and maintenance management as a \"single system\". Integrating mechanical, electrical and security systems on a single platform plays a key role in increasing operational efficiency, reducing costs and optimizing production processes.<\/p>\t\t\t\t\t\t\t\t<\/div>\n\t\t\t\t<\/div>\n\t\t\t\t<div class=\"elementor-element elementor-element-7694035 elementor-align-left elementor-widget elementor-widget-button\" data-id=\"7694035\" data-element_type=\"widget\" data-e-type=\"widget\" data-widget_type=\"button.default\">\n\t\t\t\t<div class=\"elementor-widget-container\">\n\t\t\t\t\t\t\t\t\t<div class=\"elementor-button-wrapper\">\n\t\t\t\t\t<a class=\"elementor-button elementor-button-link elementor-size-sm\" href=\"https:\/\/signumtte.com\/en\/contact\/\">\n\t\t\t\t\t\t<span class=\"elementor-button-content-wrapper\">\n\t\t\t\t\t\t\t\t\t<span class=\"elementor-button-text\">Request Demo<\/span>\n\t\t\t\t\t<\/span>\n\t\t\t\t\t<\/a>\n\t\t\t\t<\/div>\n\t\t\t\t\t\t\t\t<\/div>\n\t\t\t\t<\/div>\n\t\t\t\t\t<\/div>\n\t\t<\/div>\n\t\t\t\t<div class=\"elementor-column elementor-col-50 elementor-top-column elementor-element elementor-element-0147856\" data-id=\"0147856\" data-element_type=\"column\" data-e-type=\"column\">\n\t\t\t<div class=\"elementor-widget-wrap elementor-element-populated\">\n\t\t\t\t\t\t<div class=\"elementor-element elementor-element-a69c672 elementor-widget elementor-widget-image\" data-id=\"a69c672\" data-element_type=\"widget\" data-e-type=\"widget\" data-widget_type=\"image.default\">\n\t\t\t\t<div class=\"elementor-widget-container\">\n\t\t\t\t\t\t\t\t\t\t\t\t\t\t\t<img fetchpriority=\"high\" decoding=\"async\" width=\"681\" height=\"531\" src=\"https:\/\/signumtte.com\/wp-content\/uploads\/2024\/04\/main5.png\" class=\"attachment-full size-full wp-image-5167\" alt=\"\" srcset=\"https:\/\/signumtte.com\/wp-content\/uploads\/2024\/04\/main5.png 681w, https:\/\/signumtte.com\/wp-content\/uploads\/2024\/04\/main5-300x234.png 300w, https:\/\/signumtte.com\/wp-content\/uploads\/2024\/04\/main5-15x12.png 15w\" sizes=\"(max-width: 681px) 100vw, 681px\" \/>\t\t\t\t\t\t\t\t\t\t\t\t\t\t\t<\/div>\n\t\t\t\t<\/div>\n\t\t\t\t\t<\/div>\n\t\t<\/div>\n\t\t\t\t\t<\/div>\n\t\t<\/section>\n\t\t<div class=\"elementor-element elementor-element-c857ab6 e-flex e-con-boxed e-con e-parent\" data-id=\"c857ab6\" data-element_type=\"container\" data-e-type=\"container\" data-settings=\"{&quot;background_background&quot;:&quot;classic&quot;}\">\n\t\t\t\t\t<div class=\"e-con-inner\">\n\t\t<div class=\"elementor-element elementor-element-1ed20c0 e-con-full e-flex e-con e-child\" data-id=\"1ed20c0\" data-element_type=\"container\" data-e-type=\"container\">\n\t\t\t\t<div class=\"elementor-element elementor-element-7dae295 elementor-widget elementor-widget-text-editor\" data-id=\"7dae295\" data-element_type=\"widget\" data-e-type=\"widget\" data-widget_type=\"text-editor.default\">\n\t\t\t\t<div class=\"elementor-widget-container\">\n\t\t\t\t\t\t\t\t\t<p>Within the scope of the Facility and Integrated Building Management System, windesk.fm Computer Aided Facility Management provides the most effective operational management of building assets as a single system.<\/p>\t\t\t\t\t\t\t\t<\/div>\n\t\t\t\t<\/div>\n\t\t\t\t<\/div>\n\t\t\t\t\t<\/div>\n\t\t\t\t<\/div>\n\t\t<div class=\"elementor-element elementor-element-6f9f285 e-flex e-con-boxed e-con e-parent\" data-id=\"6f9f285\" data-element_type=\"container\" data-e-type=\"container\" data-settings=\"{&quot;background_background&quot;:&quot;classic&quot;}\">\n\t\t\t\t\t<div class=\"e-con-inner\">\n\t\t<div class=\"elementor-element elementor-element-7a4424d e-con-full e-flex e-con e-child\" data-id=\"7a4424d\" data-element_type=\"container\" data-e-type=\"container\">\n\t\t<div class=\"elementor-element elementor-element-8d09056 e-flex e-con-boxed e-con e-child\" data-id=\"8d09056\" data-element_type=\"container\" data-e-type=\"container\" data-settings=\"{&quot;background_background&quot;:&quot;classic&quot;}\">\n\t\t\t\t\t<div class=\"e-con-inner\">\n\t\t\t\t<div class=\"elementor-element elementor-element-278b6a2 elementor-widget elementor-widget-heading\" data-id=\"278b6a2\" data-element_type=\"widget\" data-e-type=\"widget\" data-widget_type=\"heading.default\">\n\t\t\t\t<div class=\"elementor-widget-container\">\n\t\t\t\t\t<h2 class=\"elementor-heading-title elementor-size-default\">Real-time Data Collection and Monitoring:<\/h2>\t\t\t\t<\/div>\n\t\t\t\t<\/div>\n\t\t\t\t<div class=\"elementor-element elementor-element-ee8ed7d elementor-widget elementor-widget-text-editor\" data-id=\"ee8ed7d\" data-element_type=\"widget\" data-e-type=\"widget\" data-widget_type=\"text-editor.default\">\n\t\t\t\t<div class=\"elementor-widget-container\">\n\t\t\t\t\t\t\t\t\t<p>windesk.fm Facility and Integrated Building System continuously collects data from devices and analyzes this data instantly, allowing real-time monitoring of automation processes. By collecting and analyzing the data in real time, the performance of the processes can be evaluated and improved.<\/p>\t\t\t\t\t\t\t\t<\/div>\n\t\t\t\t<\/div>\n\t\t\t\t\t<\/div>\n\t\t\t\t<\/div>\n\t\t<div class=\"elementor-element elementor-element-eb5039d e-flex e-con-boxed e-con e-child\" data-id=\"eb5039d\" data-element_type=\"container\" data-e-type=\"container\" data-settings=\"{&quot;background_background&quot;:&quot;classic&quot;}\">\n\t\t\t\t\t<div class=\"e-con-inner\">\n\t\t\t\t<div class=\"elementor-element elementor-element-76e2205 elementor-widget elementor-widget-heading\" data-id=\"76e2205\" data-element_type=\"widget\" data-e-type=\"widget\" data-widget_type=\"heading.default\">\n\t\t\t\t<div class=\"elementor-widget-container\">\n\t\t\t\t\t<h2 class=\"elementor-heading-title elementor-size-default\">Asset and Equipment Management:<\/h2>\t\t\t\t<\/div>\n\t\t\t\t<\/div>\n\t\t\t\t<div class=\"elementor-element elementor-element-bfb3324 elementor-widget elementor-widget-text-editor\" data-id=\"bfb3324\" data-element_type=\"widget\" data-e-type=\"widget\" data-widget_type=\"text-editor.default\">\n\t\t\t\t<div class=\"elementor-widget-container\">\n\t\t\t\t\t\t\t\t\t<p>With IMS integration, windesk.fm CAFM software can diagnose maintenance and service requirements, estimate the condition of an equipment and its component parts based on the usage and age of the assets. They can also predict impending equipment failure by monitoring asset data.<\/p>\t\t\t\t\t\t\t\t<\/div>\n\t\t\t\t<\/div>\n\t\t\t\t\t<\/div>\n\t\t\t\t<\/div>\n\t\t<div class=\"elementor-element elementor-element-9dc3fdd e-flex e-con-boxed e-con e-child\" data-id=\"9dc3fdd\" data-element_type=\"container\" data-e-type=\"container\" data-settings=\"{&quot;background_background&quot;:&quot;classic&quot;}\">\n\t\t\t\t\t<div class=\"e-con-inner\">\n\t\t\t\t<div class=\"elementor-element elementor-element-d6f36b0 elementor-widget elementor-widget-heading\" data-id=\"d6f36b0\" data-element_type=\"widget\" data-e-type=\"widget\" data-widget_type=\"heading.default\">\n\t\t\t\t<div class=\"elementor-widget-container\">\n\t\t\t\t\t<h2 class=\"elementor-heading-title elementor-size-default\">Remote Control and Management:<\/h2>\t\t\t\t<\/div>\n\t\t\t\t<\/div>\n\t\t\t\t<div class=\"elementor-element elementor-element-9e3f49a elementor-widget elementor-widget-text-editor\" data-id=\"9e3f49a\" data-element_type=\"widget\" data-e-type=\"widget\" data-widget_type=\"text-editor.default\">\n\t\t\t\t<div class=\"elementor-widget-container\">\n\t\t\t\t\t\t\t\t\t<p>With windesk.fm, Facility and Integrated Building Management System, all processes can be controlled and managed remotely, reducing labor and energy costs of facilities. \u00a0<\/p>\t\t\t\t\t\t\t\t<\/div>\n\t\t\t\t<\/div>\n\t\t\t\t\t<\/div>\n\t\t\t\t<\/div>\n\t\t\t\t<\/div>\n\t\t<div class=\"elementor-element elementor-element-37415fa e-con-full e-flex e-con e-child\" data-id=\"37415fa\" data-element_type=\"container\" data-e-type=\"container\">\n\t\t<div class=\"elementor-element elementor-element-b63a61f e-flex e-con-boxed e-con e-child\" data-id=\"b63a61f\" data-element_type=\"container\" data-e-type=\"container\" data-settings=\"{&quot;background_background&quot;:&quot;classic&quot;}\">\n\t\t\t\t\t<div class=\"e-con-inner\">\n\t\t\t\t<div class=\"elementor-element elementor-element-8015be0 elementor-widget elementor-widget-heading\" data-id=\"8015be0\" data-element_type=\"widget\" data-e-type=\"widget\" data-widget_type=\"heading.default\">\n\t\t\t\t<div class=\"elementor-widget-container\">\n\t\t\t\t\t<h2 class=\"elementor-heading-title elementor-size-default\">Event Notification and Predictive Maintenance Management:<\/h2>\t\t\t\t<\/div>\n\t\t\t\t<\/div>\n\t\t\t\t<div class=\"elementor-element elementor-element-e37ff7a elementor-widget elementor-widget-text-editor\" data-id=\"e37ff7a\" data-element_type=\"widget\" data-e-type=\"widget\" data-widget_type=\"text-editor.default\">\n\t\t\t\t<div class=\"elementor-widget-container\">\n\t\t\t\t\t\t\t\t\t<p>Thanks to the uninterrupted connection of the IMS-Integrated Building Management System and windesk.fm CAFM, unusual situations and processes are detected quickly and effectively. Abnormalities occurring in the processes trigger predictive maintenance work orders with automatic alarms and notifications, and technical personnel are notified via IMS. In addition to ensuring uninterrupted and reliable operation of systems with windesk.fm predictive maintenance management, instant crisis management is facilitated, and significant cost savings are achieved by performing predictive maintenance only when necessary.<\/p>\t\t\t\t\t\t\t\t<\/div>\n\t\t\t\t<\/div>\n\t\t\t\t<div class=\"elementor-element elementor-element-d0cb07f elementor-widget elementor-widget-text-editor\" data-id=\"d0cb07f\" data-element_type=\"widget\" data-e-type=\"widget\" data-widget_type=\"text-editor.default\">\n\t\t\t\t<div class=\"elementor-widget-container\">\n\t\t\t\t\t\t\t\t\t<p>With the integration of applications such as windesk.fm Asset, Maintenance, Work Order with windesk.fm CAFM- IMS, it provides full control of maintenance resources and workflow management processes.<\/p>\t\t\t\t\t\t\t\t<\/div>\n\t\t\t\t<\/div>\n\t\t\t\t\t<\/div>\n\t\t\t\t<\/div>\n\t\t<div class=\"elementor-element elementor-element-6c3b3c1 e-flex e-con-boxed e-con e-child\" data-id=\"6c3b3c1\" data-element_type=\"container\" data-e-type=\"container\" data-settings=\"{&quot;background_background&quot;:&quot;classic&quot;}\">\n\t\t\t\t\t<div class=\"e-con-inner\">\n\t\t\t\t<div class=\"elementor-element elementor-element-49571f8 elementor-widget elementor-widget-heading\" data-id=\"49571f8\" data-element_type=\"widget\" data-e-type=\"widget\" data-widget_type=\"heading.default\">\n\t\t\t\t<div class=\"elementor-widget-container\">\n\t\t\t\t\t<h2 class=\"elementor-heading-title elementor-size-default\">Integration:<\/h2>\t\t\t\t<\/div>\n\t\t\t\t<\/div>\n\t\t\t\t<div class=\"elementor-element elementor-element-42fc88c elementor-widget elementor-widget-text-editor\" data-id=\"42fc88c\" data-element_type=\"widget\" data-e-type=\"widget\" data-widget_type=\"text-editor.default\">\n\t\t\t\t<div class=\"elementor-widget-container\">\n\t\t\t\t\t\t\t\t\t<p>windesk.fm Facility and Integrated Building System can communicate in an integrated manner with various communication protocols, allowing different devices and systems to work together, enabling processes to have a flexible and modular structure.<\/p>\t\t\t\t\t\t\t\t<\/div>\n\t\t\t\t<\/div>\n\t\t\t\t\t<\/div>\n\t\t\t\t<\/div>\n\t\t\t\t<\/div>\n\t\t<div class=\"elementor-element elementor-element-7b38623 e-con-full e-flex e-con e-child\" data-id=\"7b38623\" data-element_type=\"container\" data-e-type=\"container\">\n\t\t<div class=\"elementor-element elementor-element-5dc9dd4 e-flex e-con-boxed e-con e-child\" data-id=\"5dc9dd4\" data-element_type=\"container\" data-e-type=\"container\" data-settings=\"{&quot;background_background&quot;:&quot;classic&quot;}\">\n\t\t\t\t\t<div class=\"e-con-inner\">\n\t\t\t\t<div class=\"elementor-element elementor-element-6aeaf89 elementor-widget elementor-widget-heading\" data-id=\"6aeaf89\" data-element_type=\"widget\" data-e-type=\"widget\" data-widget_type=\"heading.default\">\n\t\t\t\t<div class=\"elementor-widget-container\">\n\t\t\t\t\t<h2 class=\"elementor-heading-title elementor-size-default\">Energy and Resource Use Optimization:<\/h2>\t\t\t\t<\/div>\n\t\t\t\t<\/div>\n\t\t\t\t<div class=\"elementor-element elementor-element-a4ba372 elementor-widget elementor-widget-text-editor\" data-id=\"a4ba372\" data-element_type=\"widget\" data-e-type=\"widget\" data-widget_type=\"text-editor.default\">\n\t\t\t\t<div class=\"elementor-widget-container\">\n\t\t\t\t\t\t\t\t\t<p>windesk.fm Facility and Integrated Building System, as mentioned, make measurable contributions to saving energy and resources by closely monitoring energy and resource use. Thanks to this optimization, it aims to reduce the carbon footprint of facility activities on the environment by combining technology with the operational process.<\/p>\t\t\t\t\t\t\t\t<\/div>\n\t\t\t\t<\/div>\n\t\t\t\t\t<\/div>\n\t\t\t\t<\/div>\n\t\t<div class=\"elementor-element elementor-element-d261dc3 e-flex e-con-boxed e-con e-child\" data-id=\"d261dc3\" data-element_type=\"container\" data-e-type=\"container\" data-settings=\"{&quot;background_background&quot;:&quot;classic&quot;}\">\n\t\t\t\t\t<div class=\"e-con-inner\">\n\t\t\t\t<div class=\"elementor-element elementor-element-aaabc7b elementor-widget elementor-widget-heading\" data-id=\"aaabc7b\" data-element_type=\"widget\" data-e-type=\"widget\" data-widget_type=\"heading.default\">\n\t\t\t\t<div class=\"elementor-widget-container\">\n\t\t\t\t\t<h2 class=\"elementor-heading-title elementor-size-default\">Data Analysis and Reporting:<\/h2>\t\t\t\t<\/div>\n\t\t\t\t<\/div>\n\t\t\t\t<div class=\"elementor-element elementor-element-bfcdcf8 elementor-widget elementor-widget-text-editor\" data-id=\"bfcdcf8\" data-element_type=\"widget\" data-e-type=\"widget\" data-widget_type=\"text-editor.default\">\n\t\t\t\t<div class=\"elementor-widget-container\">\n\t\t\t\t\t\t\t\t\t<p>By analyzing the collected data, it allows evaluating the performance of the processes and providing suggestions for improvement. It prepares detailed reports for businesses to better manage their business processes. Real-time monitoring and control of processes increases the efficiency and reliability of production stages.<\/p>\t\t\t\t\t\t\t\t<\/div>\n\t\t\t\t<\/div>\n\t\t\t\t\t<\/div>\n\t\t\t\t<\/div>\n\t\t\t\t<\/div>\n\t\t\t\t\t<\/div>\n\t\t\t\t<\/div>\n\t\t\t\t<section class=\"elementor-section elementor-top-section elementor-element elementor-element-af19408 elementor-section-height-min-height elementor-section-boxed elementor-section-height-default elementor-section-items-middle\" data-id=\"af19408\" data-element_type=\"section\" data-e-type=\"section\" data-settings=\"{&quot;background_background&quot;:&quot;classic&quot;}\">\n\t\t\t\t\t\t<div class=\"elementor-container elementor-column-gap-default\">\n\t\t\t\t\t<div class=\"elementor-column elementor-col-50 elementor-top-column elementor-element elementor-element-022c8dd\" data-id=\"022c8dd\" data-element_type=\"column\" data-e-type=\"column\">\n\t\t\t<div class=\"elementor-widget-wrap elementor-element-populated\">\n\t\t\t\t\t\t<div class=\"elementor-element elementor-element-dcfbcff elementor-widget elementor-widget-image\" data-id=\"dcfbcff\" data-element_type=\"widget\" data-e-type=\"widget\" data-widget_type=\"image.default\">\n\t\t\t\t<div class=\"elementor-widget-container\">\n\t\t\t\t\t\t\t\t\t\t\t\t\t\t\t<img decoding=\"async\" width=\"421\" height=\"421\" src=\"https:\/\/signumtte.com\/wp-content\/uploads\/2024\/04\/roof1.png\" class=\"attachment-full size-full wp-image-2922\" alt=\"\" srcset=\"https:\/\/signumtte.com\/wp-content\/uploads\/2024\/04\/roof1.png 421w, https:\/\/signumtte.com\/wp-content\/uploads\/2024\/04\/roof1-300x300.png 300w, https:\/\/signumtte.com\/wp-content\/uploads\/2024\/04\/roof1-150x150.png 150w, https:\/\/signumtte.com\/wp-content\/uploads\/2024\/04\/roof1-12x12.png 12w\" sizes=\"(max-width: 421px) 100vw, 421px\" \/>\t\t\t\t\t\t\t\t\t\t\t\t\t\t\t<\/div>\n\t\t\t\t<\/div>\n\t\t\t\t\t<\/div>\n\t\t<\/div>\n\t\t\t\t<div class=\"elementor-column elementor-col-50 elementor-top-column elementor-element elementor-element-3d02213\" data-id=\"3d02213\" data-element_type=\"column\" data-e-type=\"column\">\n\t\t\t<div class=\"elementor-widget-wrap elementor-element-populated\">\n\t\t\t\t\t\t<div class=\"elementor-element elementor-element-ea3a29d elementor-widget elementor-widget-heading\" data-id=\"ea3a29d\" data-element_type=\"widget\" data-e-type=\"widget\" data-widget_type=\"heading.default\">\n\t\t\t\t<div class=\"elementor-widget-container\">\n\t\t\t\t\t<h2 class=\"elementor-heading-title elementor-size-default\">Facility And Integrated Building Management System<\/h2>\t\t\t\t<\/div>\n\t\t\t\t<\/div>\n\t\t\t\t<div class=\"elementor-element elementor-element-c88c57b elementor-widget elementor-widget-text-editor\" data-id=\"c88c57b\" data-element_type=\"widget\" data-e-type=\"widget\" data-widget_type=\"text-editor.default\">\n\t\t\t\t<div class=\"elementor-widget-container\">\n\t\t\t\t\t\t\t\t\t<p>Many Functions <br \/>Now in One Place<\/p>\t\t\t\t\t\t\t\t<\/div>\n\t\t\t\t<\/div>\n\t\t\t\t<div class=\"elementor-element elementor-element-2289cf8 elementor-widget elementor-widget-text-editor\" data-id=\"2289cf8\" data-element_type=\"widget\" data-e-type=\"widget\" data-widget_type=\"text-editor.default\">\n\t\t\t\t<div class=\"elementor-widget-container\">\n\t\t\t\t\t\t\t\t\t<ul><li>Bring independently operating automation systems under a \"single interface\" and \"single maintenance system\" management.<\/li><li>Monitor, control and manage your building systems remotely with Remote Monitoring and Control.<\/li><li>Evaluate your process performances and make continuous improvements with real-time data collection and analysis.<\/li><li>Open predictive maintenance work orders for anomalies occurring in processes.<\/li><li>Save energy and resources for your business by closely monitoring energy and resource use.<\/li><li>Thanks to these functions that communicate with each other with integration capabilities; easily manage all critical processes such as system continuity, business efficiency, resource management, instant crisis management with a holistic perspective.<\/li><\/ul>\t\t\t\t\t\t\t\t<\/div>\n\t\t\t\t<\/div>\n\t\t\t\t<div class=\"elementor-element elementor-element-36a7e53 elementor-align-left elementor-widget elementor-widget-button\" data-id=\"36a7e53\" data-element_type=\"widget\" data-e-type=\"widget\" data-widget_type=\"button.default\">\n\t\t\t\t<div class=\"elementor-widget-container\">\n\t\t\t\t\t\t\t\t\t<div class=\"elementor-button-wrapper\">\n\t\t\t\t\t<a class=\"elementor-button elementor-button-link elementor-size-sm\" href=\"https:\/\/signumtte.com\/en\/building-roof-module\/\">\n\t\t\t\t\t\t<span class=\"elementor-button-content-wrapper\">\n\t\t\t\t\t\t\t\t\t<span class=\"elementor-button-text\">More information<\/span>\n\t\t\t\t\t<\/span>\n\t\t\t\t\t<\/a>\n\t\t\t\t<\/div>\n\t\t\t\t\t\t\t\t<\/div>\n\t\t\t\t<\/div>\n\t\t\t\t\t<\/div>\n\t\t<\/div>\n\t\t\t\t\t<\/div>\n\t\t<\/section>\n\t\t\t\t<\/div>","protected":false},"excerpt":{"rendered":"<p>windesk.fm Tesis ve \u00c7at\u0131 Y\u00f6netimi windesk.fm \u00c7at\u0131 Y\u00f6netim \u00e7\u00f6z\u00fcm\u00fc; HVAC (s\u0131cakl\u0131k, nem, hava ak\u0131\u015f\u0131 ve hava filtreleme) iklimlendirme, ayd\u0131nlatma kontrol\u00fc, enerji izleme, yang\u0131n, g\u00fcvenlik, giri\u015f \u00e7\u0131k\u0131\u015f gibi ba\u011f\u0131ms\u0131z \u00e7al\u0131\u015fan otomasyon sistemlerinin \u201ctek bir aray\u00fczde\u201d toplanmas\u0131 \u00a0ve \u00a0bak\u0131m y\u00f6netiminin \u201ctek bir sistem\u201d olarak ele al\u0131nmas\u0131n\u0131 sa\u011flayan tesis y\u00f6netimidir. Mekanik, elektrik ve g\u00fcvenlik sistemlerinin tek bir platformda [&hellip;]<\/p>\n","protected":false},"author":1,"featured_media":0,"parent":0,"menu_order":0,"comment_status":"closed","ping_status":"closed","template":"elementor_header_footer","meta":{"footnotes":""},"class_list":["post-1114","page","type-page","status-publish","hentry"],"_links":{"self":[{"href":"https:\/\/signumtte.com\/en\/wp-json\/wp\/v2\/pages\/1114","targetHints":{"allow":["GET"]}}],"collection":[{"href":"https:\/\/signumtte.com\/en\/wp-json\/wp\/v2\/pages"}],"about":[{"href":"https:\/\/signumtte.com\/en\/wp-json\/wp\/v2\/types\/page"}],"author":[{"embeddable":true,"href":"https:\/\/signumtte.com\/en\/wp-json\/wp\/v2\/users\/1"}],"replies":[{"embeddable":true,"href":"https:\/\/signumtte.com\/en\/wp-json\/wp\/v2\/comments?post=1114"}],"version-history":[{"count":71,"href":"https:\/\/signumtte.com\/en\/wp-json\/wp\/v2\/pages\/1114\/revisions"}],"predecessor-version":[{"id":5972,"href":"https:\/\/signumtte.com\/en\/wp-json\/wp\/v2\/pages\/1114\/revisions\/5972"}],"wp:attachment":[{"href":"https:\/\/signumtte.com\/en\/wp-json\/wp\/v2\/media?parent=1114"}],"curies":[{"name":"wp","href":"https:\/\/api.w.org\/{rel}","templated":true}]}}