{"id":1126,"date":"2024-01-17T11:33:57","date_gmt":"2024-01-17T08:33:57","guid":{"rendered":"https:\/\/signumtte.com\/?page_id=1126"},"modified":"2024-04-18T16:16:55","modified_gmt":"2024-04-18T13:16:55","slug":"work-order-module","status":"publish","type":"page","link":"https:\/\/signumtte.com\/en\/work-order-module\/","title":{"rendered":"Work Order Module"},"content":{"rendered":"<div data-elementor-type=\"wp-page\" data-elementor-id=\"1126\" class=\"elementor elementor-1126\" data-elementor-post-type=\"page\">\n\t\t\t\t\t\t<section class=\"elementor-section elementor-top-section elementor-element elementor-element-1381e38 elementor-section-height-min-height elementor-section-boxed elementor-section-height-default elementor-section-items-middle\" data-id=\"1381e38\" data-element_type=\"section\" data-e-type=\"section\" data-settings=\"{&quot;background_background&quot;:&quot;classic&quot;}\">\n\t\t\t\t\t\t<div class=\"elementor-container elementor-column-gap-default\">\n\t\t\t\t\t<div class=\"elementor-column elementor-col-50 elementor-top-column elementor-element elementor-element-be2df20\" data-id=\"be2df20\" data-element_type=\"column\" data-e-type=\"column\">\n\t\t\t<div class=\"elementor-widget-wrap elementor-element-populated\">\n\t\t\t\t\t\t<div class=\"elementor-element elementor-element-3d7a636 elementor-widget elementor-widget-heading\" data-id=\"3d7a636\" data-element_type=\"widget\" data-e-type=\"widget\" data-widget_type=\"heading.default\">\n\t\t\t\t<div class=\"elementor-widget-container\">\n\t\t\t\t\t<h1 class=\"elementor-heading-title elementor-size-default\">Work Order Management<\/h1>\t\t\t\t<\/div>\n\t\t\t\t<\/div>\n\t\t\t\t<div class=\"elementor-element elementor-element-bf70dea elementor-widget elementor-widget-text-editor\" data-id=\"bf70dea\" data-element_type=\"widget\" data-e-type=\"widget\" data-widget_type=\"text-editor.default\">\n\t\t\t\t<div class=\"elementor-widget-container\">\n\t\t\t\t\t\t\t\t\t<p>Easy, Fast and Visible Business Processes<\/p>\t\t\t\t\t\t\t\t<\/div>\n\t\t\t\t<\/div>\n\t\t\t\t<div class=\"elementor-element elementor-element-f783f27 elementor-widget elementor-widget-text-editor\" data-id=\"f783f27\" data-element_type=\"widget\" data-e-type=\"widget\" data-widget_type=\"text-editor.default\">\n\t\t\t\t<div class=\"elementor-widget-container\">\n\t\t\t\t\t\t\t\t\t<p>Work Order Management is a management system for organizing and monitoring operational processes within a facility. It records all defined steps from the beginning to the end of a specific task\/project and is used for planning, task assignment, prioritization, monitoring, completion, documentation and analyzing the result. The main purpose of Work Order Management is to make service operations fast, easy and visible while making business processes more efficient. Advanced Business Intelligence tool is used to integrate the data of the application, real-time reports, management panels and analytical tools such as performance metrics and decision support studies are provided.<\/p>\t\t\t\t\t\t\t\t<\/div>\n\t\t\t\t<\/div>\n\t\t\t\t\t<\/div>\n\t\t<\/div>\n\t\t\t\t<div class=\"elementor-column elementor-col-50 elementor-top-column elementor-element elementor-element-de08585\" data-id=\"de08585\" data-element_type=\"column\" data-e-type=\"column\">\n\t\t\t<div class=\"elementor-widget-wrap elementor-element-populated\">\n\t\t\t\t\t\t<div class=\"elementor-element elementor-element-3fa0b00 elementor-widget elementor-widget-image\" data-id=\"3fa0b00\" data-element_type=\"widget\" data-e-type=\"widget\" data-widget_type=\"image.default\">\n\t\t\t\t<div class=\"elementor-widget-container\">\n\t\t\t\t\t\t\t\t\t\t\t\t\t\t\t<img fetchpriority=\"high\" decoding=\"async\" width=\"627\" height=\"501\" src=\"https:\/\/signumtte.com\/wp-content\/uploads\/2024\/04\/cmms6.png\" class=\"attachment-full size-full wp-image-1711\" alt=\"\" srcset=\"https:\/\/signumtte.com\/wp-content\/uploads\/2024\/04\/cmms6.png 606w, https:\/\/signumtte.com\/wp-content\/uploads\/2024\/04\/cmms6-300x251.png 300w, https:\/\/signumtte.com\/wp-content\/uploads\/2024\/04\/cmms6-14x12.png 14w\" sizes=\"(max-width: 627px) 100vw, 627px\" \/>\t\t\t\t\t\t\t\t\t\t\t\t\t\t\t<\/div>\n\t\t\t\t<\/div>\n\t\t\t\t\t<\/div>\n\t\t<\/div>\n\t\t\t\t\t<\/div>\n\t\t<\/section>\n\t\t<div class=\"elementor-element elementor-element-4ee6381 e-flex e-con-boxed e-con e-parent\" data-id=\"4ee6381\" data-element_type=\"container\" data-e-type=\"container\" data-settings=\"{&quot;background_background&quot;:&quot;classic&quot;}\">\n\t\t\t\t\t<div class=\"e-con-inner\">\n\t\t<div class=\"elementor-element elementor-element-846b8f6 e-con-full e-flex e-con e-child\" data-id=\"846b8f6\" data-element_type=\"container\" data-e-type=\"container\">\n\t\t\t\t<div class=\"elementor-element elementor-element-ab165c1 elementor-widget elementor-widget-heading\" data-id=\"ab165c1\" data-element_type=\"widget\" data-e-type=\"widget\" data-widget_type=\"heading.default\">\n\t\t\t\t<div class=\"elementor-widget-container\">\n\t\t\t\t\t<h2 class=\"elementor-heading-title elementor-size-default\">Core Components of Work Order Management<\/h2>\t\t\t\t<\/div>\n\t\t\t\t<\/div>\n\t\t\t\t<\/div>\n\t\t<div class=\"elementor-element elementor-element-f90eab2 e-con-full e-flex e-con e-child\" data-id=\"f90eab2\" data-element_type=\"container\" data-e-type=\"container\" data-settings=\"{&quot;background_background&quot;:&quot;classic&quot;}\">\n\t\t\t\t<div class=\"elementor-element elementor-element-71f43df elementor-widget elementor-widget-text-editor\" data-id=\"71f43df\" data-element_type=\"widget\" data-e-type=\"widget\" data-widget_type=\"text-editor.default\">\n\t\t\t\t<div class=\"elementor-widget-container\">\n\t\t\t\t\t\t\t\t\t<p><strong>Work Order Creation:<\/strong> The work order created for the initiation of a job or project covers the nature of the work, process steps, estimated time, resources and all other details.<\/p>\t\t\t\t\t\t\t\t<\/div>\n\t\t\t\t<\/div>\n\t\t\t\t<\/div>\n\t\t<div class=\"elementor-element elementor-element-e7b656a e-con-full e-flex e-con e-child\" data-id=\"e7b656a\" data-element_type=\"container\" data-e-type=\"container\" data-settings=\"{&quot;background_background&quot;:&quot;classic&quot;}\">\n\t\t\t\t<div class=\"elementor-element elementor-element-a2e9b86 elementor-widget elementor-widget-text-editor\" data-id=\"a2e9b86\" data-element_type=\"widget\" data-e-type=\"widget\" data-widget_type=\"text-editor.default\">\n\t\t\t\t<div class=\"elementor-widget-container\">\n\t\t\t\t\t\t\t\t\t<p><strong>Work Order Assignment:<\/strong> Defines the assignment of the created work order to the relevant employee or team, the scope of work, and the tasks and resources related to the scope.<\/p>\t\t\t\t\t\t\t\t<\/div>\n\t\t\t\t<\/div>\n\t\t\t\t<\/div>\n\t\t<div class=\"elementor-element elementor-element-0485139 e-con-full e-flex e-con e-child\" data-id=\"0485139\" data-element_type=\"container\" data-e-type=\"container\" data-settings=\"{&quot;background_background&quot;:&quot;classic&quot;}\">\n\t\t\t\t<div class=\"elementor-element elementor-element-1dca1ce elementor-widget elementor-widget-text-editor\" data-id=\"1dca1ce\" data-element_type=\"widget\" data-e-type=\"widget\" data-widget_type=\"text-editor.default\">\n\t\t\t\t<div class=\"elementor-widget-container\">\n\t\t\t\t\t\t\t\t\t<p><strong>Work Order Monitoring:<\/strong> Monitoring of the established work order process includes assessing how much of the work has been completed, whether estimated timescales have been met and any potential issues.<\/p>\t\t\t\t\t\t\t\t<\/div>\n\t\t\t\t<\/div>\n\t\t\t\t<\/div>\n\t\t<div class=\"elementor-element elementor-element-08ed1aa e-con-full e-flex e-con e-child\" data-id=\"08ed1aa\" data-element_type=\"container\" data-e-type=\"container\" data-settings=\"{&quot;background_background&quot;:&quot;classic&quot;}\">\n\t\t\t\t<div class=\"elementor-element elementor-element-8c0083c elementor-widget elementor-widget-text-editor\" data-id=\"8c0083c\" data-element_type=\"widget\" data-e-type=\"widget\" data-widget_type=\"text-editor.default\">\n\t\t\t\t<div class=\"elementor-widget-container\">\n\t\t\t\t\t\t\t\t\t<p><strong>Resource Management:<\/strong> It is the process of identifying and managing the resources required for work orders. These resources can include manpower, materials, equipment and financial resources.<\/p>\t\t\t\t\t\t\t\t<\/div>\n\t\t\t\t<\/div>\n\t\t\t\t<\/div>\n\t\t<div class=\"elementor-element elementor-element-6ca49d4 e-con-full e-flex e-con e-child\" data-id=\"6ca49d4\" data-element_type=\"container\" data-e-type=\"container\" data-settings=\"{&quot;background_background&quot;:&quot;classic&quot;}\">\n\t\t\t\t<div class=\"elementor-element elementor-element-d900e22 elementor-widget elementor-widget-text-editor\" data-id=\"d900e22\" data-element_type=\"widget\" data-e-type=\"widget\" data-widget_type=\"text-editor.default\">\n\t\t\t\t<div class=\"elementor-widget-container\">\n\t\t\t\t\t\t\t\t\t<p><strong>Process Monitoring:<\/strong> In the process of monitoring the process steps of work orders and revising them if necessary, it is ensured that the processes are optimized and performance is improved.<\/p>\t\t\t\t\t\t\t\t<\/div>\n\t\t\t\t<\/div>\n\t\t\t\t<\/div>\n\t\t<div class=\"elementor-element elementor-element-11ef060 e-con-full e-flex e-con e-child\" data-id=\"11ef060\" data-element_type=\"container\" data-e-type=\"container\" data-settings=\"{&quot;background_background&quot;:&quot;classic&quot;}\">\n\t\t\t\t<div class=\"elementor-element elementor-element-dd9b80f elementor-widget elementor-widget-text-editor\" data-id=\"dd9b80f\" data-element_type=\"widget\" data-e-type=\"widget\" data-widget_type=\"text-editor.default\">\n\t\t\t\t<div class=\"elementor-widget-container\">\n\t\t\t\t\t\t\t\t\t<p><strong>Work Order Completion:<\/strong> After the completion of the work, the final status of the work is evaluated at the stage of closing the work order and reports and documents, if any, are issued.<\/p>\t\t\t\t\t\t\t\t<\/div>\n\t\t\t\t<\/div>\n\t\t\t\t<\/div>\n\t\t\t\t\t<\/div>\n\t\t\t\t<\/div>\n\t\t\t\t<section class=\"elementor-section elementor-top-section elementor-element elementor-element-6450839 elementor-section-height-min-height elementor-section-boxed elementor-section-height-default elementor-section-items-middle\" data-id=\"6450839\" data-element_type=\"section\" data-e-type=\"section\" data-settings=\"{&quot;background_background&quot;:&quot;classic&quot;}\">\n\t\t\t\t\t\t<div class=\"elementor-container elementor-column-gap-default\">\n\t\t\t\t\t<div class=\"elementor-column elementor-col-50 elementor-top-column elementor-element elementor-element-0147856\" data-id=\"0147856\" data-element_type=\"column\" data-e-type=\"column\">\n\t\t\t<div class=\"elementor-widget-wrap elementor-element-populated\">\n\t\t\t\t\t\t<div class=\"elementor-element elementor-element-a69c672 elementor-widget elementor-widget-image\" data-id=\"a69c672\" data-element_type=\"widget\" data-e-type=\"widget\" data-widget_type=\"image.default\">\n\t\t\t\t<div class=\"elementor-widget-container\">\n\t\t\t\t\t\t\t\t\t\t\t\t\t\t\t<img decoding=\"async\" width=\"675\" height=\"479\" src=\"https:\/\/signumtte.com\/wp-content\/uploads\/2024\/04\/modu1.png\" class=\"attachment-full size-full wp-image-1621\" alt=\"\" srcset=\"https:\/\/signumtte.com\/wp-content\/uploads\/2024\/04\/modu1.png 675w, https:\/\/signumtte.com\/wp-content\/uploads\/2024\/04\/modu1-300x213.png 300w, https:\/\/signumtte.com\/wp-content\/uploads\/2024\/04\/modu1-18x12.png 18w\" sizes=\"(max-width: 675px) 100vw, 675px\" \/>\t\t\t\t\t\t\t\t\t\t\t\t\t\t\t<\/div>\n\t\t\t\t<\/div>\n\t\t\t\t\t<\/div>\n\t\t<\/div>\n\t\t\t\t<div class=\"elementor-column elementor-col-50 elementor-top-column elementor-element elementor-element-8da3fc9\" data-id=\"8da3fc9\" data-element_type=\"column\" data-e-type=\"column\">\n\t\t\t<div class=\"elementor-widget-wrap elementor-element-populated\">\n\t\t\t\t\t\t<div class=\"elementor-element elementor-element-5b483e1 elementor-widget elementor-widget-heading\" data-id=\"5b483e1\" data-element_type=\"widget\" data-e-type=\"widget\" data-widget_type=\"heading.default\">\n\t\t\t\t<div class=\"elementor-widget-container\">\n\t\t\t\t\t<h2 class=\"elementor-heading-title elementor-size-default\">Benefits<\/h2>\t\t\t\t<\/div>\n\t\t\t\t<\/div>\n\t\t\t\t<div class=\"elementor-element elementor-element-8296357 elementor-widget elementor-widget-text-editor\" data-id=\"8296357\" data-element_type=\"widget\" data-e-type=\"widget\" data-widget_type=\"text-editor.default\">\n\t\t\t\t<div class=\"elementor-widget-container\">\n\t\t\t\t\t\t\t\t\t<p>Improve Operational Performance while Reducing Time and Cost<\/p>\t\t\t\t\t\t\t\t<\/div>\n\t\t\t\t<\/div>\n\t\t\t\t<div class=\"elementor-element elementor-element-331ff40 elementor-widget elementor-widget-text-editor\" data-id=\"331ff40\" data-element_type=\"widget\" data-e-type=\"widget\" data-widget_type=\"text-editor.default\">\n\t\t\t\t<div class=\"elementor-widget-container\">\n\t\t\t\t\t\t\t\t\t<ul>\n<li>Make your operational processes more effective and efficient.<\/li>\n<li>Manage these processes in an organized and structured way, use resources more effectively and save time and costs.<\/li>\n<li>Contribute to the improvement of operational performance.<\/li>\n<li>Use the learning from past work order experiences to plan future work orders more efficiently.<\/li>\n<li>Collect all work order details in a centralized system.<\/li>\n<li>Contribute to digital transformation by eliminating paperwork from your life.<\/li>\n<li>Contribute to and support regulatory compliance while providing easy access for service and maintenance staff through better budgeting and planning.<\/li>\n<\/ul>\t\t\t\t\t\t\t\t<\/div>\n\t\t\t\t<\/div>\n\t\t\t\t\t<\/div>\n\t\t<\/div>\n\t\t\t\t\t<\/div>\n\t\t<\/section>\n\t\t\t\t<\/div>","protected":false},"excerpt":{"rendered":"<p>\u0130\u015f Emri Y\u00f6netimi Kolay, H\u0131zl\u0131 ve G\u00f6r\u00fcn\u00fcr \u0130\u015f S\u00fcre\u00e7leri \u0130\u015f Emri Y\u00f6netimi, bir tesis i\u00e7indeki operasyonel s\u00fcre\u00e7lerin d\u00fczenlenmesi ve izlenmesi i\u00e7in kullan\u0131lan bir y\u00f6netim sistemidir. Belirli bir g\u00f6rev\/projenin ba\u015flang\u0131c\u0131ndan sonuna kadar olan t\u00fcm tan\u0131ml\u0131 ad\u0131mlar\u0131 kay\u0131t alt\u0131na al\u0131r, planlama, g\u00f6rev atama, \u00f6nceliklendirme, izleme, tamamlama, belgeleme ve sonucu analiz etmek amac\u0131yla kullan\u0131l\u0131r. \u0130\u015f Emri Y\u00f6netiminin temel [&hellip;]<\/p>\n","protected":false},"author":1,"featured_media":0,"parent":0,"menu_order":0,"comment_status":"closed","ping_status":"closed","template":"elementor_header_footer","meta":{"footnotes":""},"class_list":["post-1126","page","type-page","status-publish","hentry"],"_links":{"self":[{"href":"https:\/\/signumtte.com\/en\/wp-json\/wp\/v2\/pages\/1126","targetHints":{"allow":["GET"]}}],"collection":[{"href":"https:\/\/signumtte.com\/en\/wp-json\/wp\/v2\/pages"}],"about":[{"href":"https:\/\/signumtte.com\/en\/wp-json\/wp\/v2\/types\/page"}],"author":[{"embeddable":true,"href":"https:\/\/signumtte.com\/en\/wp-json\/wp\/v2\/users\/1"}],"replies":[{"embeddable":true,"href":"https:\/\/signumtte.com\/en\/wp-json\/wp\/v2\/comments?post=1126"}],"version-history":[{"count":22,"href":"https:\/\/signumtte.com\/en\/wp-json\/wp\/v2\/pages\/1126\/revisions"}],"predecessor-version":[{"id":6106,"href":"https:\/\/signumtte.com\/en\/wp-json\/wp\/v2\/pages\/1126\/revisions\/6106"}],"wp:attachment":[{"href":"https:\/\/signumtte.com\/en\/wp-json\/wp\/v2\/media?parent=1126"}],"curies":[{"name":"wp","href":"https:\/\/api.w.org\/{rel}","templated":true}]}}