{"id":1286,"date":"2024-01-22T16:11:03","date_gmt":"2024-01-22T13:11:03","guid":{"rendered":"https:\/\/signumtte.com\/?page_id=1286"},"modified":"2024-04-18T16:12:08","modified_gmt":"2024-04-18T13:12:08","slug":"building-roof-module","status":"publish","type":"page","link":"https:\/\/signumtte.com\/en\/building-roof-module\/","title":{"rendered":"Building Roof Module"},"content":{"rendered":"<div data-elementor-type=\"wp-page\" data-elementor-id=\"1286\" class=\"elementor elementor-1286\" data-elementor-post-type=\"page\">\n\t\t\t\t\t\t<section class=\"elementor-section elementor-top-section elementor-element elementor-element-1381e38 elementor-section-height-min-height elementor-section-boxed elementor-section-height-default elementor-section-items-middle\" data-id=\"1381e38\" data-element_type=\"section\" data-e-type=\"section\" data-settings=\"{&quot;background_background&quot;:&quot;classic&quot;}\">\n\t\t\t\t\t\t<div class=\"elementor-container elementor-column-gap-default\">\n\t\t\t\t\t<div class=\"elementor-column elementor-col-50 elementor-top-column elementor-element elementor-element-be2df20\" data-id=\"be2df20\" data-element_type=\"column\" data-e-type=\"column\">\n\t\t\t<div class=\"elementor-widget-wrap elementor-element-populated\">\n\t\t\t\t\t\t<div class=\"elementor-element elementor-element-3d7a636 elementor-widget elementor-widget-heading\" data-id=\"3d7a636\" data-element_type=\"widget\" data-e-type=\"widget\" data-widget_type=\"heading.default\">\n\t\t\t\t<div class=\"elementor-widget-container\">\n\t\t\t\t\t<h1 class=\"elementor-heading-title elementor-size-default\">Integrated Building System<\/h1>\t\t\t\t<\/div>\n\t\t\t\t<\/div>\n\t\t\t\t<div class=\"elementor-element elementor-element-bf70dea elementor-widget elementor-widget-text-editor\" data-id=\"bf70dea\" data-element_type=\"widget\" data-e-type=\"widget\" data-widget_type=\"text-editor.default\">\n\t\t\t\t<div class=\"elementor-widget-container\">\n\t\t\t\t\t\t\t\t\t<p>Many Functions Now in One Interface<\/p>\t\t\t\t\t\t\t\t<\/div>\n\t\t\t\t<\/div>\n\t\t\t\t<div class=\"elementor-element elementor-element-f783f27 elementor-widget elementor-widget-text-editor\" data-id=\"f783f27\" data-element_type=\"widget\" data-e-type=\"widget\" data-widget_type=\"text-editor.default\">\n\t\t\t\t<div class=\"elementor-widget-container\">\n\t\t\t\t\t\t\t\t\t<p>Within the scope of the Building Management System (BMS), Integrated Building Management and windek.fm CAFM's building and facility systems; heating, ventilation, air conditioning, lighting, energy, fire, security, security, camera, entrance and exit automation systems are designed as a single maintenance system by moving all of them to a single interface. Therefore, the integration of mechanical, electrical and security systems on a single platform enables more efficient planning, maintenance, operation and monitoring of these systems, while also reducing energy saving features and constantly increasing operating costs.<\/p>\t\t\t\t\t\t\t\t<\/div>\n\t\t\t\t<\/div>\n\t\t\t\t\t<\/div>\n\t\t<\/div>\n\t\t\t\t<div class=\"elementor-column elementor-col-50 elementor-top-column elementor-element elementor-element-de08585\" data-id=\"de08585\" data-element_type=\"column\" data-e-type=\"column\">\n\t\t\t<div class=\"elementor-widget-wrap elementor-element-populated\">\n\t\t\t\t\t\t<div class=\"elementor-element elementor-element-3fa0b00 elementor-widget elementor-widget-image\" data-id=\"3fa0b00\" data-element_type=\"widget\" data-e-type=\"widget\" data-widget_type=\"image.default\">\n\t\t\t\t<div class=\"elementor-widget-container\">\n\t\t\t\t\t\t\t\t\t\t\t\t\t\t\t<img fetchpriority=\"high\" decoding=\"async\" width=\"681\" height=\"531\" src=\"https:\/\/signumtte.com\/wp-content\/uploads\/2024\/04\/main5.png\" class=\"attachment-full size-full wp-image-5167\" alt=\"\" srcset=\"https:\/\/signumtte.com\/wp-content\/uploads\/2024\/04\/main5.png 681w, https:\/\/signumtte.com\/wp-content\/uploads\/2024\/04\/main5-300x234.png 300w, https:\/\/signumtte.com\/wp-content\/uploads\/2024\/04\/main5-15x12.png 15w\" sizes=\"(max-width: 681px) 100vw, 681px\" \/>\t\t\t\t\t\t\t\t\t\t\t\t\t\t\t<\/div>\n\t\t\t\t<\/div>\n\t\t\t\t\t<\/div>\n\t\t<\/div>\n\t\t\t\t\t<\/div>\n\t\t<\/section>\n\t\t<div class=\"elementor-element elementor-element-4ee6381 e-flex e-con-boxed e-con e-parent\" data-id=\"4ee6381\" data-element_type=\"container\" data-e-type=\"container\" data-settings=\"{&quot;background_background&quot;:&quot;classic&quot;}\">\n\t\t\t\t\t<div class=\"e-con-inner\">\n\t\t<div class=\"elementor-element elementor-element-846b8f6 e-con-full e-flex e-con e-child\" data-id=\"846b8f6\" data-element_type=\"container\" data-e-type=\"container\">\n\t\t\t\t<div class=\"elementor-element elementor-element-ab165c1 elementor-widget elementor-widget-heading\" data-id=\"ab165c1\" data-element_type=\"widget\" data-e-type=\"widget\" data-widget_type=\"heading.default\">\n\t\t\t\t<div class=\"elementor-widget-container\">\n\t\t\t\t\t<h2 class=\"elementor-heading-title elementor-size-default\">Core Components of Integreted Building System<\/h2>\t\t\t\t<\/div>\n\t\t\t\t<\/div>\n\t\t\t\t<\/div>\n\t\t<div class=\"elementor-element elementor-element-f90eab2 e-con-full e-flex e-con e-child\" data-id=\"f90eab2\" data-element_type=\"container\" data-e-type=\"container\" data-settings=\"{&quot;background_background&quot;:&quot;classic&quot;}\">\n\t\t\t\t<div class=\"elementor-element elementor-element-71f43df elementor-widget elementor-widget-text-editor\" data-id=\"71f43df\" data-element_type=\"widget\" data-e-type=\"widget\" data-widget_type=\"text-editor.default\">\n\t\t\t\t<div class=\"elementor-widget-container\">\n\t\t\t\t\t\t\t\t\t<p><strong>Real-time Data Collection and Monitoring:<\/strong> windesk.fm Facility and Integrated Building System continuously collects data from devices and analyzes this data instantly, allowing real-time monitoring of automation processes. By collecting and analyzing the data in real time, the performance of the processes can be evaluated and improved.<\/p>\t\t\t\t\t\t\t\t<\/div>\n\t\t\t\t<\/div>\n\t\t\t\t<\/div>\n\t\t<div class=\"elementor-element elementor-element-e7b656a e-con-full e-flex e-con e-child\" data-id=\"e7b656a\" data-element_type=\"container\" data-e-type=\"container\" data-settings=\"{&quot;background_background&quot;:&quot;classic&quot;}\">\n\t\t\t\t<div class=\"elementor-element elementor-element-a2e9b86 elementor-widget elementor-widget-text-editor\" data-id=\"a2e9b86\" data-element_type=\"widget\" data-e-type=\"widget\" data-widget_type=\"text-editor.default\">\n\t\t\t\t<div class=\"elementor-widget-container\">\n\t\t\t\t\t\t\t\t\t<p><strong>Remote Control and Management:<\/strong> With windesk.fm, Facility and Integreted  Building system, all processes can be controlled and managed remotely, reducing labor and energy costs of facilities.<\/p>\t\t\t\t\t\t\t\t<\/div>\n\t\t\t\t<\/div>\n\t\t\t\t<\/div>\n\t\t<div class=\"elementor-element elementor-element-0485139 e-con-full e-flex e-con e-child\" data-id=\"0485139\" data-element_type=\"container\" data-e-type=\"container\" data-settings=\"{&quot;background_background&quot;:&quot;classic&quot;}\">\n\t\t\t\t<div class=\"elementor-element elementor-element-1dca1ce elementor-widget elementor-widget-text-editor\" data-id=\"1dca1ce\" data-element_type=\"widget\" data-e-type=\"widget\" data-widget_type=\"text-editor.default\">\n\t\t\t\t<div class=\"elementor-widget-container\">\n\t\t\t\t\t\t\t\t\t<p><strong>Event Notification and Predictive Maintenance Management:<\/strong> Thanks to the uninterrupted connection of the Integreted  Building System and windesk.fm CAFM, unusual situations and processes are detected quickly and effectively. Abnormalities occurring in the processes trigger predictive maintenance work orders with automatic alarms and notifications, and technical personnel are notified via IMS.<\/p>\t\t\t\t\t\t\t\t<\/div>\n\t\t\t\t<\/div>\n\t\t\t\t<\/div>\n\t\t<div class=\"elementor-element elementor-element-08ed1aa e-con-full e-flex e-con e-child\" data-id=\"08ed1aa\" data-element_type=\"container\" data-e-type=\"container\" data-settings=\"{&quot;background_background&quot;:&quot;classic&quot;}\">\n\t\t\t\t<div class=\"elementor-element elementor-element-8c0083c elementor-widget elementor-widget-text-editor\" data-id=\"8c0083c\" data-element_type=\"widget\" data-e-type=\"widget\" data-widget_type=\"text-editor.default\">\n\t\t\t\t<div class=\"elementor-widget-container\">\n\t\t\t\t\t\t\t\t\t<p><strong>Asset and Equipment Management:<\/strong> With IMS integration, windesk.fm CAFM software can diagnose maintenance and service requirements, estimate the condition of an equipment and its component parts based on the usage and age of the assets. They can also predict impending equipment failure by monitoring asset data.<\/p>\t\t\t\t\t\t\t\t<\/div>\n\t\t\t\t<\/div>\n\t\t\t\t<\/div>\n\t\t<div class=\"elementor-element elementor-element-6ca49d4 e-con-full e-flex e-con e-child\" data-id=\"6ca49d4\" data-element_type=\"container\" data-e-type=\"container\" data-settings=\"{&quot;background_background&quot;:&quot;classic&quot;}\">\n\t\t\t\t<div class=\"elementor-element elementor-element-d900e22 elementor-widget elementor-widget-text-editor\" data-id=\"d900e22\" data-element_type=\"widget\" data-e-type=\"widget\" data-widget_type=\"text-editor.default\">\n\t\t\t\t<div class=\"elementor-widget-container\">\n\t\t\t\t\t\t\t\t\t<p><strong>Data Analysis and Reporting:<\/strong> By analyzing the collected data, it allows evaluating the performance of the processes and providing suggestions for improvement. It prepares detailed reports for businesses to better manage their business processes. Real-time monitoring and control of processes increases the efficiency and reliability of production stages.<\/p>\t\t\t\t\t\t\t\t<\/div>\n\t\t\t\t<\/div>\n\t\t\t\t<\/div>\n\t\t<div class=\"elementor-element elementor-element-704a656 e-con-full e-flex e-con e-child\" data-id=\"704a656\" data-element_type=\"container\" data-e-type=\"container\" data-settings=\"{&quot;background_background&quot;:&quot;classic&quot;}\">\n\t\t\t\t<div class=\"elementor-element elementor-element-08dcc27 elementor-widget elementor-widget-text-editor\" data-id=\"08dcc27\" data-element_type=\"widget\" data-e-type=\"widget\" data-widget_type=\"text-editor.default\">\n\t\t\t\t<div class=\"elementor-widget-container\">\n\t\t\t\t\t\t\t\t\t<p><strong>Energy and Resource Use Optimization:<\/strong> windesk.fm Facility and Integrated Building System, as mentioned, make measurable contributions to saving energy and resources by closely monitoring energy and resource use. Thanks to this optimization, it aims to reduce the carbon footprint of facility activities on the environment by combining technology with the operational process.<\/p>\t\t\t\t\t\t\t\t<\/div>\n\t\t\t\t<\/div>\n\t\t\t\t<\/div>\n\t\t<div class=\"elementor-element elementor-element-48e0933 e-con-full e-flex e-con e-child\" data-id=\"48e0933\" data-element_type=\"container\" data-e-type=\"container\" data-settings=\"{&quot;background_background&quot;:&quot;classic&quot;}\">\n\t\t\t\t<div class=\"elementor-element elementor-element-87fe108 elementor-widget elementor-widget-text-editor\" data-id=\"87fe108\" data-element_type=\"widget\" data-e-type=\"widget\" data-widget_type=\"text-editor.default\">\n\t\t\t\t<div class=\"elementor-widget-container\">\n\t\t\t\t\t\t\t\t\t<p><strong>Integration:<\/strong> windesk.fm Facility and Integrated Building System can communicate in an integrated manner with various communication protocols, allowing different devices and systems to work together, enabling processes to have a flexible and modular structure.<\/p>\t\t\t\t\t\t\t\t<\/div>\n\t\t\t\t<\/div>\n\t\t\t\t<\/div>\n\t\t\t\t\t<\/div>\n\t\t\t\t<\/div>\n\t\t\t\t<section class=\"elementor-section elementor-top-section elementor-element elementor-element-6450839 elementor-section-height-min-height elementor-section-boxed elementor-section-height-default elementor-section-items-middle\" data-id=\"6450839\" data-element_type=\"section\" data-e-type=\"section\" data-settings=\"{&quot;background_background&quot;:&quot;classic&quot;}\">\n\t\t\t\t\t\t<div class=\"elementor-container elementor-column-gap-default\">\n\t\t\t\t\t<div class=\"elementor-column elementor-col-50 elementor-top-column elementor-element elementor-element-0147856\" data-id=\"0147856\" data-element_type=\"column\" data-e-type=\"column\">\n\t\t\t<div class=\"elementor-widget-wrap elementor-element-populated\">\n\t\t\t\t\t\t<div class=\"elementor-element elementor-element-a69c672 elementor-widget elementor-widget-image\" data-id=\"a69c672\" data-element_type=\"widget\" data-e-type=\"widget\" data-widget_type=\"image.default\">\n\t\t\t\t<div class=\"elementor-widget-container\">\n\t\t\t\t\t\t\t\t\t\t\t\t\t\t\t<img decoding=\"async\" width=\"421\" height=\"421\" src=\"https:\/\/signumtte.com\/wp-content\/uploads\/2024\/04\/roof1.png\" class=\"attachment-full size-full wp-image-2922\" alt=\"\" srcset=\"https:\/\/signumtte.com\/wp-content\/uploads\/2024\/04\/roof1.png 421w, https:\/\/signumtte.com\/wp-content\/uploads\/2024\/04\/roof1-300x300.png 300w, https:\/\/signumtte.com\/wp-content\/uploads\/2024\/04\/roof1-150x150.png 150w, https:\/\/signumtte.com\/wp-content\/uploads\/2024\/04\/roof1-12x12.png 12w\" sizes=\"(max-width: 421px) 100vw, 421px\" \/>\t\t\t\t\t\t\t\t\t\t\t\t\t\t\t<\/div>\n\t\t\t\t<\/div>\n\t\t\t\t\t<\/div>\n\t\t<\/div>\n\t\t\t\t<div class=\"elementor-column elementor-col-50 elementor-top-column elementor-element elementor-element-8da3fc9\" data-id=\"8da3fc9\" data-element_type=\"column\" data-e-type=\"column\">\n\t\t\t<div class=\"elementor-widget-wrap elementor-element-populated\">\n\t\t\t\t\t\t<div class=\"elementor-element elementor-element-5b483e1 elementor-widget elementor-widget-heading\" data-id=\"5b483e1\" data-element_type=\"widget\" data-e-type=\"widget\" data-widget_type=\"heading.default\">\n\t\t\t\t<div class=\"elementor-widget-container\">\n\t\t\t\t\t<h2 class=\"elementor-heading-title elementor-size-default\">Benefits<\/h2>\t\t\t\t<\/div>\n\t\t\t\t<\/div>\n\t\t\t\t<div class=\"elementor-element elementor-element-8296357 elementor-widget elementor-widget-text-editor\" data-id=\"8296357\" data-element_type=\"widget\" data-e-type=\"widget\" data-widget_type=\"text-editor.default\">\n\t\t\t\t<div class=\"elementor-widget-container\">\n\t\t\t\t\t\t\t\t\t<p>Many Functions Now in One Place<\/p>\t\t\t\t\t\t\t\t<\/div>\n\t\t\t\t<\/div>\n\t\t\t\t<div class=\"elementor-element elementor-element-331ff40 elementor-widget elementor-widget-text-editor\" data-id=\"331ff40\" data-element_type=\"widget\" data-e-type=\"widget\" data-widget_type=\"text-editor.default\">\n\t\t\t\t<div class=\"elementor-widget-container\">\n\t\t\t\t\t\t\t\t\t<ul><li>Bring independently operating automation systems under a \"single interface\" and \"single maintenance system\" management.<\/li><li>Monitor, control and manage your building systems remotely with Remote Monitoring and Control.<\/li><li>Evaluate your process performances and make continuous improvements with real-time data collection and analysis.<\/li><li>Open predictive maintenance work orders for anomalies occurring in processes.<\/li><li>Save energy and resources for your business by closely monitoring energy and resource use.<\/li><li>Easily manage all critical processes such as system continuity, business efficiency, resource management, instant crisis management with a holistic perspective thanks to these functions that communicate with each other with integration capabilities.<\/li><\/ul>\t\t\t\t\t\t\t\t<\/div>\n\t\t\t\t<\/div>\n\t\t\t\t\t<\/div>\n\t\t<\/div>\n\t\t\t\t\t<\/div>\n\t\t<\/section>\n\t\t\t\t<\/div>","protected":false},"excerpt":{"rendered":"<p>Bina \u00c7at\u0131 Y\u00f6netimi Bir\u00e7ok Fonksiyon Art\u0131k Tek Bir Aray\u00fczde Bina Y\u00f6netim Sistemi (BYS) kapsam\u0131nda \u00c7at\u0131 Y\u00f6netimi ile windek.fm CAFM\u2019\u0131n bina ve tesis sistemlerinde; \u0131s\u0131tma, havaland\u0131rma, iklimlendirme, ayd\u0131nlatma, enerji, yang\u0131n, g\u00fcvenlik, kamera, giri\u015f \u00e7\u0131k\u0131\u015f gibi ba\u011f\u0131ms\u0131z \u00e7al\u0131\u015fan otomasyon sistemlerinin tek bir aray\u00fcze ta\u015f\u0131nmas\u0131 ile t\u00fcm\u00fcn\u00fcn tek bir bak\u0131m\u0131 yap\u0131lacak sistem olarak tasarlanmas\u0131d\u0131r. Dolay\u0131s\u0131 ile mekanik, elektrik [&hellip;]<\/p>\n","protected":false},"author":1,"featured_media":0,"parent":0,"menu_order":0,"comment_status":"closed","ping_status":"closed","template":"elementor_header_footer","meta":{"footnotes":""},"class_list":["post-1286","page","type-page","status-publish","hentry"],"_links":{"self":[{"href":"https:\/\/signumtte.com\/en\/wp-json\/wp\/v2\/pages\/1286","targetHints":{"allow":["GET"]}}],"collection":[{"href":"https:\/\/signumtte.com\/en\/wp-json\/wp\/v2\/pages"}],"about":[{"href":"https:\/\/signumtte.com\/en\/wp-json\/wp\/v2\/types\/page"}],"author":[{"embeddable":true,"href":"https:\/\/signumtte.com\/en\/wp-json\/wp\/v2\/users\/1"}],"replies":[{"embeddable":true,"href":"https:\/\/signumtte.com\/en\/wp-json\/wp\/v2\/comments?post=1286"}],"version-history":[{"count":20,"href":"https:\/\/signumtte.com\/en\/wp-json\/wp\/v2\/pages\/1286\/revisions"}],"predecessor-version":[{"id":6091,"href":"https:\/\/signumtte.com\/en\/wp-json\/wp\/v2\/pages\/1286\/revisions\/6091"}],"wp:attachment":[{"href":"https:\/\/signumtte.com\/en\/wp-json\/wp\/v2\/media?parent=1286"}],"curies":[{"name":"wp","href":"https:\/\/api.w.org\/{rel}","templated":true}]}}