{"id":1836,"date":"2024-02-15T14:09:08","date_gmt":"2024-02-15T11:09:08","guid":{"rendered":"https:\/\/signumtte.com\/?page_id=1836"},"modified":"2024-04-16T10:05:02","modified_gmt":"2024-04-16T07:05:02","slug":"gaziantep-city-hospital","status":"publish","type":"page","link":"https:\/\/signumtte.com\/en\/gaziantep-city-hospital\/","title":{"rendered":"Gaziantep City Hospital"},"content":{"rendered":"<div data-elementor-type=\"wp-page\" data-elementor-id=\"1836\" class=\"elementor elementor-1836\" data-elementor-post-type=\"page\">\n\t\t\t\t<div class=\"elementor-element elementor-element-5895858 e-flex e-con-boxed e-con e-parent\" data-id=\"5895858\" data-element_type=\"container\" data-e-type=\"container\" data-settings=\"{&quot;background_background&quot;:&quot;classic&quot;}\">\n\t\t\t\t\t<div class=\"e-con-inner\">\n\t\t<div class=\"elementor-element elementor-element-0204ccc e-con-full e-flex e-con e-child\" data-id=\"0204ccc\" data-element_type=\"container\" data-e-type=\"container\">\n\t\t\t\t<\/div>\n\t\t<div class=\"elementor-element elementor-element-0819663 e-con-full e-flex e-con e-child\" data-id=\"0819663\" data-element_type=\"container\" data-e-type=\"container\">\n\t\t\t\t<\/div>\n\t\t<div class=\"elementor-element elementor-element-c463f0d e-con-full e-flex e-con e-child\" data-id=\"c463f0d\" data-element_type=\"container\" data-e-type=\"container\" data-settings=\"{&quot;background_background&quot;:&quot;classic&quot;}\">\n\t\t<div class=\"elementor-element elementor-element-7bcb17d e-con-full e-flex e-con e-child\" data-id=\"7bcb17d\" data-element_type=\"container\" data-e-type=\"container\" data-settings=\"{&quot;background_background&quot;:&quot;classic&quot;}\">\n\t\t\t\t<div class=\"elementor-element elementor-element-3cf601c elementor-widget elementor-widget-heading\" data-id=\"3cf601c\" data-element_type=\"widget\" data-e-type=\"widget\" data-widget_type=\"heading.default\">\n\t\t\t\t<div class=\"elementor-widget-container\">\n\t\t\t\t\t<h2 class=\"elementor-heading-title elementor-size-default\">windesk.fm<\/h2>\t\t\t\t<\/div>\n\t\t\t\t<\/div>\n\t\t\t\t<div class=\"elementor-element elementor-element-44d8e89 elementor-widget elementor-widget-heading\" data-id=\"44d8e89\" data-element_type=\"widget\" data-e-type=\"widget\" data-widget_type=\"heading.default\">\n\t\t\t\t<div class=\"elementor-widget-container\">\n\t\t\t\t\t<h2 class=\"elementor-heading-title elementor-size-default\">Gaziantep City Hospital<\/h2>\t\t\t\t<\/div>\n\t\t\t\t<\/div>\n\t\t\t\t<div class=\"elementor-element elementor-element-0b26874 elementor-widget elementor-widget-text-editor\" data-id=\"0b26874\" data-element_type=\"widget\" data-e-type=\"widget\" data-widget_type=\"text-editor.default\">\n\t\t\t\t<div class=\"elementor-widget-container\">\n\t\t\t\t\t\t\t\t\t<p><strong>Applications Used<\/strong><\/p><ul><li>windesk.fm Facility Management<\/li><li>windesk.fm Helpdesk<\/li><\/ul>\t\t\t\t\t\t\t\t<\/div>\n\t\t\t\t<\/div>\n\t\t\t\t<\/div>\n\t\t\t\t<\/div>\n\t\t<div class=\"elementor-element elementor-element-193f1f1 e-con-full e-flex e-con e-child\" data-id=\"193f1f1\" data-element_type=\"container\" data-e-type=\"container\">\n\t\t\t\t<\/div>\n\t\t\t\t\t<\/div>\n\t\t\t\t<\/div>\n\t\t<div class=\"elementor-element elementor-element-f585e78 e-flex e-con-boxed e-con e-parent\" data-id=\"f585e78\" data-element_type=\"container\" data-e-type=\"container\">\n\t\t\t\t\t<div class=\"e-con-inner\">\n\t\t<div class=\"elementor-element elementor-element-4834e3d e-con-full e-flex e-con e-child\" data-id=\"4834e3d\" data-element_type=\"container\" data-e-type=\"container\">\n\t\t\t\t<div class=\"elementor-element elementor-element-e98e234 elementor-widget elementor-widget-text-editor\" data-id=\"e98e234\" data-element_type=\"widget\" data-e-type=\"widget\" data-widget_type=\"text-editor.default\">\n\t\t\t\t<div class=\"elementor-widget-container\">\n\t\t\t\t\t\t\t\t\t<p>\"Gaziantep City Hospital, which was built by R\u00f6nesans Holding under the Public Private Partnership model with a capacity of 638 thousand square meters and 1,875 beds, was put into service in September 2023 and windesk.fm Facility Management and Help Desk applications were launched on this date.\"<\/p>\t\t\t\t\t\t\t\t<\/div>\n\t\t\t\t<\/div>\n\t\t\t\t<\/div>\n\t\t<div class=\"elementor-element elementor-element-5ec721f e-con-full e-flex e-con e-child\" data-id=\"5ec721f\" data-element_type=\"container\" data-e-type=\"container\">\n\t\t\t\t<div class=\"elementor-element elementor-element-7d87589 elementor-widget elementor-widget-text-editor\" data-id=\"7d87589\" data-element_type=\"widget\" data-e-type=\"widget\" data-widget_type=\"text-editor.default\">\n\t\t\t\t<div class=\"elementor-widget-container\">\n\t\t\t\t\t\t\t\t\t<p>windesk.fm PPP is customized according to Annex-14, Annex-18 and Annex-13 business service model in PPP City Hospitals. Customized Helpdesk and Facility Management for premises, assets, personnel and 19 different service contracts are running in Gaziantep City Hospital in a real-time application environment for a performance-based, business management system for all service providers and sub-suppliers, where SLA services are delivered.<\/p>\t\t\t\t\t\t\t\t<\/div>\n\t\t\t\t<\/div>\n\t\t\t\t<div class=\"elementor-element elementor-element-77cccd2 elementor-widget elementor-widget-text-editor\" data-id=\"77cccd2\" data-element_type=\"widget\" data-e-type=\"widget\" data-widget_type=\"text-editor.default\">\n\t\t\t\t<div class=\"elementor-widget-container\">\n\t\t\t\t\t\t\t\t\t<p>windesk.fm provides \"direct integration\" to all features of Call Center switchboards, giving operators access to all services through a single interface. windesk.fm PPP works integrated with many systems and applications. In Field Services, all operations for field staff and hospital staff are mobilized from Android and IOS mobile environment integrated with the Sub Help Desk feature. For each case in the field, the tasks of both technical and support facility services are simultaneously monitored, analyzed and measured using SLA performance metrics. Real-time management and service indicators are reported through Yellowfin Business Intelligence and Reporting tool.<\/p>\t\t\t\t\t\t\t\t<\/div>\n\t\t\t\t<\/div>\n\t\t\t\t<div class=\"elementor-element elementor-element-5d9d2d6 elementor-widget elementor-widget-text-editor\" data-id=\"5d9d2d6\" data-element_type=\"widget\" data-e-type=\"widget\" data-widget_type=\"text-editor.default\">\n\t\t\t\t<div class=\"elementor-widget-container\">\n\t\t\t\t\t\t\t\t\t<p>The application prepares a ready-made progress payment and deduction system for the use of the business and administration by using reconciliation approval processes for the service period each month. Different service categories belonging to the entire operation are secured with an audit system in accordance with SLA performance metrics, case tracking is performed for nonconformities and the audit process is supported by audit reports.<\/p>\t\t\t\t\t\t\t\t<\/div>\n\t\t\t\t<\/div>\n\t\t\t\t<\/div>\n\t\t\t\t\t<\/div>\n\t\t\t\t<\/div>\n\t\t\t\t<\/div>","protected":false},"excerpt":{"rendered":"<p>windesk.fm Gaziantep \u015eehir Hastanesi Kullan\u0131lan Uygulamalar windesk.fm Tesis Y\u00f6netimi windesk.fm Yard\u0131m Masas\u0131 \u201cKamu \u00d6zel \u0130\u015f birlikteli\u011fi modeli alt\u0131nda R\u00f6nesans Holding taraf\u0131ndan yap\u0131lan 638 bin metrekare ve 1.875 yatak kapasiteli Gaziantep \u015eehir Hastanesi Eyl\u00fcl 2023 tarihi itibariyle hizmete girmi\u015f ve yine bu tarihte windesk.fm Tesis Y\u00f6netimi ve Yard\u0131m Masas\u0131 uygulamalar\u0131 devreye al\u0131nm\u0131\u015ft\u0131r.\u201d windesk.fm PPP, PPP \u015eehir [&hellip;]<\/p>\n","protected":false},"author":1,"featured_media":0,"parent":0,"menu_order":0,"comment_status":"closed","ping_status":"closed","template":"elementor_header_footer","meta":{"footnotes":""},"class_list":["post-1836","page","type-page","status-publish","hentry"],"_links":{"self":[{"href":"https:\/\/signumtte.com\/en\/wp-json\/wp\/v2\/pages\/1836","targetHints":{"allow":["GET"]}}],"collection":[{"href":"https:\/\/signumtte.com\/en\/wp-json\/wp\/v2\/pages"}],"about":[{"href":"https:\/\/signumtte.com\/en\/wp-json\/wp\/v2\/types\/page"}],"author":[{"embeddable":true,"href":"https:\/\/signumtte.com\/en\/wp-json\/wp\/v2\/users\/1"}],"replies":[{"embeddable":true,"href":"https:\/\/signumtte.com\/en\/wp-json\/wp\/v2\/comments?post=1836"}],"version-history":[{"count":15,"href":"https:\/\/signumtte.com\/en\/wp-json\/wp\/v2\/pages\/1836\/revisions"}],"predecessor-version":[{"id":5673,"href":"https:\/\/signumtte.com\/en\/wp-json\/wp\/v2\/pages\/1836\/revisions\/5673"}],"wp:attachment":[{"href":"https:\/\/signumtte.com\/en\/wp-json\/wp\/v2\/media?parent=1836"}],"curies":[{"name":"wp","href":"https:\/\/api.w.org\/{rel}","templated":true}]}}