{"id":2051,"date":"2024-02-18T11:12:58","date_gmt":"2024-02-18T08:12:58","guid":{"rendered":"https:\/\/signumtte.com\/?page_id=2051"},"modified":"2024-04-18T16:14:50","modified_gmt":"2024-04-18T13:14:50","slug":"energy-module","status":"publish","type":"page","link":"https:\/\/signumtte.com\/en\/energy-module\/","title":{"rendered":"Energy Module"},"content":{"rendered":"<div data-elementor-type=\"wp-page\" data-elementor-id=\"2051\" class=\"elementor elementor-2051\" data-elementor-post-type=\"page\">\n\t\t\t\t\t\t<section class=\"elementor-section elementor-top-section elementor-element elementor-element-1381e38 elementor-section-height-min-height elementor-section-boxed elementor-section-height-default elementor-section-items-middle\" data-id=\"1381e38\" data-element_type=\"section\" data-e-type=\"section\" data-settings=\"{&quot;background_background&quot;:&quot;classic&quot;}\">\n\t\t\t\t\t\t<div class=\"elementor-container elementor-column-gap-default\">\n\t\t\t\t\t<div class=\"elementor-column elementor-col-50 elementor-top-column elementor-element elementor-element-be2df20\" data-id=\"be2df20\" data-element_type=\"column\" data-e-type=\"column\">\n\t\t\t<div class=\"elementor-widget-wrap elementor-element-populated\">\n\t\t\t\t\t\t<div class=\"elementor-element elementor-element-3d7a636 elementor-widget elementor-widget-heading\" data-id=\"3d7a636\" data-element_type=\"widget\" data-e-type=\"widget\" data-widget_type=\"heading.default\">\n\t\t\t\t<div class=\"elementor-widget-container\">\n\t\t\t\t\t<h1 class=\"elementor-heading-title elementor-size-default\">Energy Management<\/h1>\t\t\t\t<\/div>\n\t\t\t\t<\/div>\n\t\t\t\t<div class=\"elementor-element elementor-element-bf70dea elementor-widget elementor-widget-text-editor\" data-id=\"bf70dea\" data-element_type=\"widget\" data-e-type=\"widget\" data-widget_type=\"text-editor.default\">\n\t\t\t\t<div class=\"elementor-widget-container\">\n\t\t\t\t\t\t\t\t\t<p>Digital Transformation in Energy Management<\/p>\t\t\t\t\t\t\t\t<\/div>\n\t\t\t\t<\/div>\n\t\t\t\t<div class=\"elementor-element elementor-element-f783f27 elementor-widget elementor-widget-text-editor\" data-id=\"f783f27\" data-element_type=\"widget\" data-e-type=\"widget\" data-widget_type=\"text-editor.default\">\n\t\t\t\t<div class=\"elementor-widget-container\">\n\t\t\t\t\t\t\t\t\t<p>Equipped with powerful capabilities for industrial and commercial facilities, the Energy Management solution ensures the effective use and management of energy resources such as electricity, water, heating and cooling. The active use of energy management enables the efficient use of energy costs per square meter to reduce expenses. Therefore, the profit rate increases by making more production in workplaces using the same amount of energy. The application, which provides integration with Energy Efficiency and control systems, provides significant energy savings by supporting monitoring and control solutions in buildings, facilities and workplaces with IoT, Energy Automation, data analysis methods.<\/p>\t\t\t\t\t\t\t\t<\/div>\n\t\t\t\t<\/div>\n\t\t\t\t\t<\/div>\n\t\t<\/div>\n\t\t\t\t<div class=\"elementor-column elementor-col-50 elementor-top-column elementor-element elementor-element-de08585\" data-id=\"de08585\" data-element_type=\"column\" data-e-type=\"column\">\n\t\t\t<div class=\"elementor-widget-wrap elementor-element-populated\">\n\t\t\t\t\t\t<div class=\"elementor-element elementor-element-3fa0b00 elementor-widget elementor-widget-image\" data-id=\"3fa0b00\" data-element_type=\"widget\" data-e-type=\"widget\" data-widget_type=\"image.default\">\n\t\t\t\t<div class=\"elementor-widget-container\">\n\t\t\t\t\t\t\t\t\t\t\t\t\t\t\t<img fetchpriority=\"high\" decoding=\"async\" width=\"635\" height=\"536\" src=\"https:\/\/signumtte.com\/wp-content\/uploads\/2024\/04\/modu11.png\" class=\"attachment-full size-full wp-image-2689\" alt=\"\" srcset=\"https:\/\/signumtte.com\/wp-content\/uploads\/2024\/04\/modu11.png 688w, https:\/\/signumtte.com\/wp-content\/uploads\/2024\/04\/modu11-300x223.png 300w, https:\/\/signumtte.com\/wp-content\/uploads\/2024\/04\/modu11-16x12.png 16w\" sizes=\"(max-width: 635px) 100vw, 635px\" \/>\t\t\t\t\t\t\t\t\t\t\t\t\t\t\t<\/div>\n\t\t\t\t<\/div>\n\t\t\t\t\t<\/div>\n\t\t<\/div>\n\t\t\t\t\t<\/div>\n\t\t<\/section>\n\t\t<div class=\"elementor-element elementor-element-4ee6381 e-flex e-con-boxed e-con e-parent\" data-id=\"4ee6381\" data-element_type=\"container\" data-e-type=\"container\" data-settings=\"{&quot;background_background&quot;:&quot;classic&quot;}\">\n\t\t\t\t\t<div class=\"e-con-inner\">\n\t\t<div class=\"elementor-element elementor-element-846b8f6 e-con-full e-flex e-con e-child\" data-id=\"846b8f6\" data-element_type=\"container\" data-e-type=\"container\">\n\t\t\t\t<div class=\"elementor-element elementor-element-ab165c1 elementor-widget elementor-widget-heading\" data-id=\"ab165c1\" data-element_type=\"widget\" data-e-type=\"widget\" data-widget_type=\"heading.default\">\n\t\t\t\t<div class=\"elementor-widget-container\">\n\t\t\t\t\t<h2 class=\"elementor-heading-title elementor-size-default\">Core Components of Energy Management<\/h2>\t\t\t\t<\/div>\n\t\t\t\t<\/div>\n\t\t\t\t<\/div>\n\t\t<div class=\"elementor-element elementor-element-f90eab2 e-con-full e-flex e-con e-child\" data-id=\"f90eab2\" data-element_type=\"container\" data-e-type=\"container\" data-settings=\"{&quot;background_background&quot;:&quot;classic&quot;}\">\n\t\t\t\t<div class=\"elementor-element elementor-element-71f43df elementor-widget elementor-widget-text-editor\" data-id=\"71f43df\" data-element_type=\"widget\" data-e-type=\"widget\" data-widget_type=\"text-editor.default\">\n\t\t\t\t<div class=\"elementor-widget-container\">\n\t\t\t\t\t\t\t\t\t<p><strong>Energy Consumption Monitoring:<\/strong> Possibility to monitor the energy consumption of the facility in real time. Generate energy consumption reports at specific time intervals and analyze historical data.<\/p>\t\t\t\t\t\t\t\t<\/div>\n\t\t\t\t<\/div>\n\t\t\t\t<\/div>\n\t\t<div class=\"elementor-element elementor-element-e7b656a e-con-full e-flex e-con e-child\" data-id=\"e7b656a\" data-element_type=\"container\" data-e-type=\"container\" data-settings=\"{&quot;background_background&quot;:&quot;classic&quot;}\">\n\t\t\t\t<div class=\"elementor-element elementor-element-a2e9b86 elementor-widget elementor-widget-text-editor\" data-id=\"a2e9b86\" data-element_type=\"widget\" data-e-type=\"widget\" data-widget_type=\"text-editor.default\">\n\t\t\t\t<div class=\"elementor-widget-container\">\n\t\t\t\t\t\t\t\t\t<p><strong>Productivity Analysis:<\/strong> Analyze the energy efficiency of devices and systems within the facility. Identify and evaluate potential energy saving opportunities.<\/p>\t\t\t\t\t\t\t\t<\/div>\n\t\t\t\t<\/div>\n\t\t\t\t<\/div>\n\t\t<div class=\"elementor-element elementor-element-0485139 e-con-full e-flex e-con e-child\" data-id=\"0485139\" data-element_type=\"container\" data-e-type=\"container\" data-settings=\"{&quot;background_background&quot;:&quot;classic&quot;}\">\n\t\t\t\t<div class=\"elementor-element elementor-element-1dca1ce elementor-widget elementor-widget-text-editor\" data-id=\"1dca1ce\" data-element_type=\"widget\" data-e-type=\"widget\" data-widget_type=\"text-editor.default\">\n\t\t\t\t<div class=\"elementor-widget-container\">\n\t\t\t\t\t\t\t\t\t<p><strong>Cost Analysis:<\/strong> Monitor and report costs related to energy consumption. Demonstrate how increased energy efficiency can contribute to cost savings.<\/p>\t\t\t\t\t\t\t\t<\/div>\n\t\t\t\t<\/div>\n\t\t\t\t<\/div>\n\t\t<div class=\"elementor-element elementor-element-08ed1aa e-con-full e-flex e-con e-child\" data-id=\"08ed1aa\" data-element_type=\"container\" data-e-type=\"container\" data-settings=\"{&quot;background_background&quot;:&quot;classic&quot;}\">\n\t\t\t\t<div class=\"elementor-element elementor-element-8c0083c elementor-widget elementor-widget-text-editor\" data-id=\"8c0083c\" data-element_type=\"widget\" data-e-type=\"widget\" data-widget_type=\"text-editor.default\">\n\t\t\t\t<div class=\"elementor-widget-container\">\n\t\t\t\t\t\t\t\t\t<p><strong>Intelligent Automation and Control:<\/strong><br \/>It is the integration of intelligent automation and control systems to optimize energy use. Programmable thermostats save energy between lighting and other appliances.<\/p>\t\t\t\t\t\t\t\t<\/div>\n\t\t\t\t<\/div>\n\t\t\t\t<\/div>\n\t\t<div class=\"elementor-element elementor-element-6ca49d4 e-con-full e-flex e-con e-child\" data-id=\"6ca49d4\" data-element_type=\"container\" data-e-type=\"container\" data-settings=\"{&quot;background_background&quot;:&quot;classic&quot;}\">\n\t\t\t\t<div class=\"elementor-element elementor-element-d900e22 elementor-widget elementor-widget-text-editor\" data-id=\"d900e22\" data-element_type=\"widget\" data-e-type=\"widget\" data-widget_type=\"text-editor.default\">\n\t\t\t\t<div class=\"elementor-widget-container\">\n\t\t\t\t\t\t\t\t\t<p><strong>Environmental Impacts:<\/strong> Emphasize the environmental impacts of reducing energy consumption. Emphasize the benefits of using sustainable energy practices in terms of environmental sustainability.<\/p>\t\t\t\t\t\t\t\t<\/div>\n\t\t\t\t<\/div>\n\t\t\t\t<\/div>\n\t\t<div class=\"elementor-element elementor-element-f3bf6d5 e-con-full e-flex e-con e-child\" data-id=\"f3bf6d5\" data-element_type=\"container\" data-e-type=\"container\" data-settings=\"{&quot;background_background&quot;:&quot;classic&quot;}\">\n\t\t\t\t<div class=\"elementor-element elementor-element-942f681 elementor-widget elementor-widget-text-editor\" data-id=\"942f681\" data-element_type=\"widget\" data-e-type=\"widget\" data-widget_type=\"text-editor.default\">\n\t\t\t\t<div class=\"elementor-widget-container\">\n\t\t\t\t\t\t\t\t\t<p><strong>Alerts and Notifications:<\/strong> Ability to receive automatic alerts and notifications in case of anomalies, excessive energy consumption, informing about emergencies or potential problems.<\/p>\t\t\t\t\t\t\t\t<\/div>\n\t\t\t\t<\/div>\n\t\t\t\t<\/div>\n\t\t<div class=\"elementor-element elementor-element-3450cbc e-con-full e-flex e-con e-child\" data-id=\"3450cbc\" data-element_type=\"container\" data-e-type=\"container\" data-settings=\"{&quot;background_background&quot;:&quot;classic&quot;}\">\n\t\t\t\t<div class=\"elementor-element elementor-element-3789229 elementor-widget elementor-widget-text-editor\" data-id=\"3789229\" data-element_type=\"widget\" data-e-type=\"widget\" data-widget_type=\"text-editor.default\">\n\t\t\t\t<div class=\"elementor-widget-container\">\n\t\t\t\t\t\t\t\t\t<p><strong>Integration Capabilities:<\/strong> Integration capabilities of the energy management module with other facility management modules and external systems. Integrated use of energy data with facility management processes.<\/p>\t\t\t\t\t\t\t\t<\/div>\n\t\t\t\t<\/div>\n\t\t\t\t<\/div>\n\t\t<div class=\"elementor-element elementor-element-38ed195 e-con-full e-flex e-con e-child\" data-id=\"38ed195\" data-element_type=\"container\" data-e-type=\"container\" data-settings=\"{&quot;background_background&quot;:&quot;classic&quot;}\">\n\t\t\t\t<div class=\"elementor-element elementor-element-99f1b91 elementor-widget elementor-widget-text-editor\" data-id=\"99f1b91\" data-element_type=\"widget\" data-e-type=\"widget\" data-widget_type=\"text-editor.default\">\n\t\t\t\t<div class=\"elementor-widget-container\">\n\t\t\t\t\t\t\t\t\t<p><strong>User Friendly Interface:<\/strong> With an easy-to-understand user interface, it allows you to quickly view energy data and present information effectively with reporting tools and graphics.<\/p>\t\t\t\t\t\t\t\t<\/div>\n\t\t\t\t<\/div>\n\t\t\t\t<\/div>\n\t\t\t\t\t<\/div>\n\t\t\t\t<\/div>\n\t\t\t\t<section class=\"elementor-section elementor-top-section elementor-element elementor-element-6450839 elementor-section-height-min-height elementor-section-boxed elementor-section-height-default elementor-section-items-middle\" data-id=\"6450839\" data-element_type=\"section\" data-e-type=\"section\" data-settings=\"{&quot;background_background&quot;:&quot;classic&quot;}\">\n\t\t\t\t\t\t<div class=\"elementor-container elementor-column-gap-default\">\n\t\t\t\t\t<div class=\"elementor-column elementor-col-50 elementor-top-column elementor-element elementor-element-0147856\" data-id=\"0147856\" data-element_type=\"column\" data-e-type=\"column\">\n\t\t\t<div class=\"elementor-widget-wrap elementor-element-populated\">\n\t\t\t\t\t\t<div class=\"elementor-element elementor-element-a69c672 elementor-widget elementor-widget-image\" data-id=\"a69c672\" data-element_type=\"widget\" data-e-type=\"widget\" data-widget_type=\"image.default\">\n\t\t\t\t<div class=\"elementor-widget-container\">\n\t\t\t\t\t\t\t\t\t\t\t\t\t\t\t<img decoding=\"async\" width=\"661\" height=\"528\" src=\"https:\/\/signumtte.com\/wp-content\/uploads\/2024\/04\/modu12.png\" class=\"attachment-full size-full wp-image-1675\" alt=\"\" srcset=\"https:\/\/signumtte.com\/wp-content\/uploads\/2024\/04\/modu12.png 593w, https:\/\/signumtte.com\/wp-content\/uploads\/2024\/04\/modu12-300x217.png 300w, https:\/\/signumtte.com\/wp-content\/uploads\/2024\/04\/modu12-18x12.png 18w\" sizes=\"(max-width: 661px) 100vw, 661px\" \/>\t\t\t\t\t\t\t\t\t\t\t\t\t\t\t<\/div>\n\t\t\t\t<\/div>\n\t\t\t\t\t<\/div>\n\t\t<\/div>\n\t\t\t\t<div class=\"elementor-column elementor-col-50 elementor-top-column elementor-element elementor-element-8da3fc9\" data-id=\"8da3fc9\" data-element_type=\"column\" data-e-type=\"column\">\n\t\t\t<div class=\"elementor-widget-wrap elementor-element-populated\">\n\t\t\t\t\t\t<div class=\"elementor-element elementor-element-5b483e1 elementor-widget elementor-widget-heading\" data-id=\"5b483e1\" data-element_type=\"widget\" data-e-type=\"widget\" data-widget_type=\"heading.default\">\n\t\t\t\t<div class=\"elementor-widget-container\">\n\t\t\t\t\t<h2 class=\"elementor-heading-title elementor-size-default\">Benefits<\/h2>\t\t\t\t<\/div>\n\t\t\t\t<\/div>\n\t\t\t\t<div class=\"elementor-element elementor-element-8296357 elementor-widget elementor-widget-text-editor\" data-id=\"8296357\" data-element_type=\"widget\" data-e-type=\"widget\" data-widget_type=\"text-editor.default\">\n\t\t\t\t<div class=\"elementor-widget-container\">\n\t\t\t\t\t\t\t\t\t<p>Increase Energy Efficiency, Optimize Resources<\/p>\t\t\t\t\t\t\t\t<\/div>\n\t\t\t\t<\/div>\n\t\t\t\t<div class=\"elementor-element elementor-element-331ff40 elementor-widget elementor-widget-text-editor\" data-id=\"331ff40\" data-element_type=\"widget\" data-e-type=\"widget\" data-widget_type=\"text-editor.default\">\n\t\t\t\t<div class=\"elementor-widget-container\">\n\t\t\t\t\t\t\t\t\t<ul><li>Monitor and analyze energy consumption, report energy data and plan energy efficiency measures.<\/li><li>Check consumption data in the desired areas, at the desired date intervals, and create alarms related to consumption.<\/li><li>IoT meter consumption tracking, location consumption tracking. Easily make the necessary decisions for energy efficiency by comparing your data.<\/li><li>Contribute to energy efficiency and sustainability with a good energy management strategy.<\/li><li>Give your organization the identity of environmental responsibility awareness and increase its brand value.<\/li><li>Simplify your compliance with energy efficiency regulations and guidelines set by governments.<\/li><\/ul>\t\t\t\t\t\t\t\t<\/div>\n\t\t\t\t<\/div>\n\t\t\t\t\t<\/div>\n\t\t<\/div>\n\t\t\t\t\t<\/div>\n\t\t<\/section>\n\t\t\t\t<\/div>","protected":false},"excerpt":{"rendered":"<p>Enerji Y\u00f6netimi Enerji Y\u00f6netiminde Dijital D\u00f6n\u00fc\u015f\u00fcm End\u00fcstriyel ve ticari tesisler i\u00e7in g\u00fc\u00e7l\u00fc yeteneklerle donat\u0131lm\u0131\u015f Enerji Y\u00f6netim \u00e7\u00f6z\u00fcm\u00fc; elektrik, su, \u0131s\u0131tma ve so\u011futma gibi enerji kaynaklar\u0131n\u0131n etkili bir \u015fekilde kullan\u0131lmas\u0131n\u0131, y\u00f6netilmesini sa\u011flar. Enerji y\u00f6netiminin aktif \u015fekilde kullan\u0131lmas\u0131; metrekare ba\u015f\u0131na d\u00fc\u015fen enerji giderlerini verimli bir \u015fekilde kullanarak giderleri azalt\u0131lmas\u0131n\u0131 sa\u011flar. Dolay\u0131s\u0131yla ayn\u0131 miktarda enerjiyi kullanan i\u015fyerlerinde daha [&hellip;]<\/p>\n","protected":false},"author":1,"featured_media":0,"parent":0,"menu_order":0,"comment_status":"closed","ping_status":"closed","template":"elementor_header_footer","meta":{"footnotes":""},"class_list":["post-2051","page","type-page","status-publish","hentry"],"_links":{"self":[{"href":"https:\/\/signumtte.com\/en\/wp-json\/wp\/v2\/pages\/2051","targetHints":{"allow":["GET"]}}],"collection":[{"href":"https:\/\/signumtte.com\/en\/wp-json\/wp\/v2\/pages"}],"about":[{"href":"https:\/\/signumtte.com\/en\/wp-json\/wp\/v2\/types\/page"}],"author":[{"embeddable":true,"href":"https:\/\/signumtte.com\/en\/wp-json\/wp\/v2\/users\/1"}],"replies":[{"embeddable":true,"href":"https:\/\/signumtte.com\/en\/wp-json\/wp\/v2\/comments?post=2051"}],"version-history":[{"count":14,"href":"https:\/\/signumtte.com\/en\/wp-json\/wp\/v2\/pages\/2051\/revisions"}],"predecessor-version":[{"id":6100,"href":"https:\/\/signumtte.com\/en\/wp-json\/wp\/v2\/pages\/2051\/revisions\/6100"}],"wp:attachment":[{"href":"https:\/\/signumtte.com\/en\/wp-json\/wp\/v2\/media?parent=2051"}],"curies":[{"name":"wp","href":"https:\/\/api.w.org\/{rel}","templated":true}]}}