{"id":4274,"date":"2024-03-25T09:58:33","date_gmt":"2024-03-25T06:58:33","guid":{"rendered":"https:\/\/signumtte.com\/?page_id=4274"},"modified":"2024-04-18T14:51:05","modified_gmt":"2024-04-18T11:51:05","slug":"our-quality-policy","status":"publish","type":"page","link":"https:\/\/signumtte.com\/en\/our-quality-policy\/","title":{"rendered":"Our Quality Policy"},"content":{"rendered":"<div data-elementor-type=\"wp-page\" data-elementor-id=\"4274\" class=\"elementor elementor-4274\" data-elementor-post-type=\"page\">\n\t\t\t\t<div class=\"elementor-element elementor-element-e4ed7da e-flex e-con-boxed e-con e-parent\" data-id=\"e4ed7da\" data-element_type=\"container\" data-e-type=\"container\" data-settings=\"{&quot;background_background&quot;:&quot;classic&quot;}\">\n\t\t\t\t\t<div class=\"e-con-inner\">\n\t\t\t\t<div class=\"elementor-element elementor-element-f714fed elementor-widget elementor-widget-heading\" data-id=\"f714fed\" data-element_type=\"widget\" data-e-type=\"widget\" data-widget_type=\"heading.default\">\n\t\t\t\t<div class=\"elementor-widget-container\">\n\t\t\t\t\t<h2 class=\"elementor-heading-title elementor-size-default\">Our Quality Policy<\/h2>\t\t\t\t<\/div>\n\t\t\t\t<\/div>\n\t\t\t\t<div class=\"elementor-element elementor-element-4b14137 elementor-widget elementor-widget-text-editor\" data-id=\"4b14137\" data-element_type=\"widget\" data-e-type=\"widget\" data-widget_type=\"text-editor.default\">\n\t\t\t\t<div class=\"elementor-widget-container\">\n\t\t\t\t\t\t\t\t\t<section id=\"site-content-wrapper\"><section id=\"content-text-wrapper\"><div class=\"container\"><div class=\"content-text text-margin-bottom\"><p><strong>Signum Teknoloji Tan\u0131t\u0131m ve E\u011fitim A.\u015e. applies quality standards;<br \/><\/strong><\/p><ul><li>To ensure the continuity of customer satisfaction by understanding the needs and expectations of customers and providing a fast, complete and effective service,<\/li><li>To be a sought after\/trusted company with its unique service principle,<\/li><li>To seek new methods in its services, to achieve leadership in technology by acting with the philosophy of continuous improvement and to reach a level to compete in the international arena,<\/li><li>To leave permanent works for future generations with the effective use of specialized personnel, equipment and resources in accordance with customer requirements, laws, regulations, national and international standards,<\/li><li>To assume responsibility and ensure effective participation in accordance with the rules specified in the Quality Management System documents in honesty and trust with the participation of its employees,<\/li><li>Supporting creative and innovative approaches and making available all the resources required for the personal development of its employees through internal\/external trainings,<\/li><li>To produce environmentally friendly technology<\/li><\/ul><p>policy.<\/p><\/div><\/div><\/section><\/section>\t\t\t\t\t\t\t\t<\/div>\n\t\t\t\t<\/div>\n\t\t\t\t\t<\/div>\n\t\t\t\t<\/div>\n\t\t\t\t<\/div>","protected":false},"excerpt":{"rendered":"<p>Kalite Politikam\u0131z Signum Teknoloji Tan\u0131t\u0131m ve E\u011fitim A.\u015e. kalite standartlar\u0131n\u0131 uygularken; M\u00fc\u015fterilerinin ihtiya\u00e7lar\u0131n\u0131, beklentilerini, anlay\u0131p, h\u0131zl\u0131-tam-etkin bir hizmet sunarak memnuniyetinin s\u00fcreklili\u011fini sa\u011flamay\u0131, \u00d6zg\u00fcn hizmet prensibiyle aran\u0131lan\/g\u00fcvenilen firma olmay\u0131, Hizmetlerinde, yeni y\u00f6ntemler aray\u0131p, s\u00fcrekli iyile\u015ftirme felsefesiyle hareket ederek teknolojide liderli\u011fe ula\u015fmay\u0131 ve uluslararas\u0131 alanda rekabet edecek seviyeye gelmeyi, M\u00fc\u015fteri \u015fartlar\u0131na, kanunlara, y\u00f6netmeliklere, ulusal ve uluslararas\u0131 standartlara [&hellip;]<\/p>\n","protected":false},"author":1,"featured_media":0,"parent":0,"menu_order":0,"comment_status":"closed","ping_status":"closed","template":"elementor_header_footer","meta":{"footnotes":""},"class_list":["post-4274","page","type-page","status-publish","hentry"],"_links":{"self":[{"href":"https:\/\/signumtte.com\/en\/wp-json\/wp\/v2\/pages\/4274","targetHints":{"allow":["GET"]}}],"collection":[{"href":"https:\/\/signumtte.com\/en\/wp-json\/wp\/v2\/pages"}],"about":[{"href":"https:\/\/signumtte.com\/en\/wp-json\/wp\/v2\/types\/page"}],"author":[{"embeddable":true,"href":"https:\/\/signumtte.com\/en\/wp-json\/wp\/v2\/users\/1"}],"replies":[{"embeddable":true,"href":"https:\/\/signumtte.com\/en\/wp-json\/wp\/v2\/comments?post=4274"}],"version-history":[{"count":18,"href":"https:\/\/signumtte.com\/en\/wp-json\/wp\/v2\/pages\/4274\/revisions"}],"predecessor-version":[{"id":6023,"href":"https:\/\/signumtte.com\/en\/wp-json\/wp\/v2\/pages\/4274\/revisions\/6023"}],"wp:attachment":[{"href":"https:\/\/signumtte.com\/en\/wp-json\/wp\/v2\/media?parent=4274"}],"curies":[{"name":"wp","href":"https:\/\/api.w.org\/{rel}","templated":true}]}}