{"id":4285,"date":"2024-03-25T10:42:02","date_gmt":"2024-03-25T07:42:02","guid":{"rendered":"https:\/\/signumtte.com\/?page_id=4285"},"modified":"2024-04-18T15:04:14","modified_gmt":"2024-04-18T12:04:14","slug":"protection-of-personal-data","status":"publish","type":"page","link":"https:\/\/signumtte.com\/en\/protection-of-personal-data\/","title":{"rendered":"Protection of Personal Data"},"content":{"rendered":"<div data-elementor-type=\"wp-page\" data-elementor-id=\"4285\" class=\"elementor elementor-4285\" data-elementor-post-type=\"page\">\n\t\t\t\t<div class=\"elementor-element elementor-element-5ae20f7b e-flex e-con-boxed e-con e-parent\" data-id=\"5ae20f7b\" data-element_type=\"container\" data-e-type=\"container\" data-settings=\"{&quot;background_background&quot;:&quot;classic&quot;}\">\n\t\t\t\t\t<div class=\"e-con-inner\">\n\t\t\t\t<div class=\"elementor-element elementor-element-3f7f44bb elementor-widget elementor-widget-heading\" data-id=\"3f7f44bb\" data-element_type=\"widget\" data-e-type=\"widget\" data-widget_type=\"heading.default\">\n\t\t\t\t<div class=\"elementor-widget-container\">\n\t\t\t\t\t<h2 class=\"elementor-heading-title elementor-size-default\">Protection of Personal Data<\/h2>\t\t\t\t<\/div>\n\t\t\t\t<\/div>\n\t\t\t\t<div class=\"elementor-element elementor-element-1baf9f08 elementor-widget elementor-widget-text-editor\" data-id=\"1baf9f08\" data-element_type=\"widget\" data-e-type=\"widget\" data-widget_type=\"text-editor.default\">\n\t\t\t\t<div class=\"elementor-widget-container\">\n\t\t\t\t\t\t\t\t\t<section id=\"site-content-wrapper\"><section id=\"content-text-wrapper\"><div class=\"container\"><div class=\"content-text text-margin-bottom\"><div class=\"container\"><div class=\"content-text\"><p class=\"text-type5 text-left\"><b>Personal Data Protection Text<\/b><\/p><p class=\"text-type5 text-left\">You are about to send your resume information to be evaluated by the Human Resources Department of our company. Your personal data sent within this scope is processed by our company in the capacity of data controller in accordance with the legal legislation, and may be transferred to the official authorities that are legally required to be transferred due to legal obligations and also to third party company support services organizations if deemed appropriate by our company.<\/p><p class=\"text-type5 text-left\">Within the scope of Article 11 of the Personal Data Protection Law No. 6698 (\"KVKK\"); to learn whether your personal data has been processed, to request information if it has been processed, to learn the purpose of processing your personal data and whether it is used in accordance with its purpose, to learn the third parties to whom it is transferred domestically and \/ or abroad, to request correction of your personal data if it is incomplete or incorrectly processed, to request the deletion \/ destruction or anonymization of your personal data within the scope of Article 7 of the KVKK in case the reasons requiring the processing of your personal data disappear and there is no legal obstacle. You have the right to request the deletion\/destruction or anonymization of your personal data within the scope of Article 7 of the KVKK, to request notification of the correction or deletion\/destruction\/anonymization to third parties to whom your personal data has been transferred in cases of correction or deletion\/destruction\/anonymization, to object if a result arises against you due to the analysis of your personal data exclusively by automated systems, and to request compensation for damages in case you suffer damage due to unlawful processing of your personal data.<\/p><\/div><\/div><\/div><\/div><\/section><\/section>\t\t\t\t\t\t\t\t<\/div>\n\t\t\t\t<\/div>\n\t\t\t\t\t<\/div>\n\t\t\t\t<\/div>\n\t\t\t\t<\/div>","protected":false},"excerpt":{"rendered":"<p>Ki\u015fisel Verilerin Korunmas\u0131 Ki\u015fisel Verilerin Korunmas\u0131 Metni \u015eirketimiz \u0130nsan kaynaklar\u0131 birimi taraf\u0131ndan de\u011ferlendirilmeye esas olmak \u00fczere \u00f6zge\u00e7mi\u015f bilgilerinizi g\u00f6ndermek \u00fczeresiniz. Bu kapsamda g\u00f6nderilen ki\u015fisel verileriniz yasal mevzuata uygun olarak \u015firketimiz taraf\u0131ndan veri sorumlusu s\u0131fat\u0131 ile i\u015flenmekte olup, yasal olarak aktar\u0131lmas\u0131 gereken resmi makamlara hukuki zorunluluklar nedeniyle ve ayr\u0131ca, \u015firketimiz taraf\u0131ndan uygun g\u00f6r\u00fclmesi halinde \u00fc\u00e7\u00fcnc\u00fc parti [&hellip;]<\/p>\n","protected":false},"author":1,"featured_media":0,"parent":0,"menu_order":0,"comment_status":"closed","ping_status":"closed","template":"elementor_header_footer","meta":{"footnotes":""},"class_list":["post-4285","page","type-page","status-publish","hentry"],"_links":{"self":[{"href":"https:\/\/signumtte.com\/en\/wp-json\/wp\/v2\/pages\/4285","targetHints":{"allow":["GET"]}}],"collection":[{"href":"https:\/\/signumtte.com\/en\/wp-json\/wp\/v2\/pages"}],"about":[{"href":"https:\/\/signumtte.com\/en\/wp-json\/wp\/v2\/types\/page"}],"author":[{"embeddable":true,"href":"https:\/\/signumtte.com\/en\/wp-json\/wp\/v2\/users\/1"}],"replies":[{"embeddable":true,"href":"https:\/\/signumtte.com\/en\/wp-json\/wp\/v2\/comments?post=4285"}],"version-history":[{"count":12,"href":"https:\/\/signumtte.com\/en\/wp-json\/wp\/v2\/pages\/4285\/revisions"}],"predecessor-version":[{"id":6033,"href":"https:\/\/signumtte.com\/en\/wp-json\/wp\/v2\/pages\/4285\/revisions\/6033"}],"wp:attachment":[{"href":"https:\/\/signumtte.com\/en\/wp-json\/wp\/v2\/media?parent=4285"}],"curies":[{"name":"wp","href":"https:\/\/api.w.org\/{rel}","templated":true}]}}